{"id":139,"date":"2020-10-17T19:16:29","date_gmt":"2020-10-17T17:16:29","guid":{"rendered":"http:\/\/localhost\/wordpress\/?page_id=139"},"modified":"2020-12-16T16:41:57","modified_gmt":"2020-12-16T15:41:57","slug":"les-debouches","status":"publish","type":"page","link":"https:\/\/www.bts-ndrc-perrier.fr\/?page_id=139","title":{"rendered":"Les d\u00e9bouch\u00e9s"},"content":{"rendered":"\n<h2 class=\"has-vivid-cyan-blue-color has-text-color wp-block-heading\"><strong>Les mati\u00e8res<\/strong><\/h2>\n\n\n\n<p><a href=\"http:\/\/bts-ndrc-perrier.fr\/?page_id=47\">&gt;&gt;<\/a><\/p>\n\n\n\n<h2 class=\"has-vivid-cyan-blue-color has-text-color wp-block-heading\"><strong>L&rsquo;examen<\/strong><\/h2>\n\n\n\n<p><a href=\"http:\/\/bts-ndrc-perrier.fr\/?page_id=49\">&gt;&gt;<\/a><\/p>\n\n\n\n<h2 class=\"has-vivid-cyan-blue-color has-text-color wp-block-heading\"><strong>Les stages<\/strong><\/h2>\n\n\n\n<p><a href=\"http:\/\/bts-ndrc-perrier.fr\/?page_id=137\">&gt;&gt;<\/a><\/p>\n\n\n\n<h2 class=\"has-vivid-cyan-blue-color has-text-color wp-block-heading\"><strong>Les d\u00e9bouch\u00e9s<\/strong><\/h2>\n\n\n\n<h3 class=\"has-vivid-red-color has-text-color wp-block-heading\">La poursuite d&rsquo;\u00e9tudes<\/h3>\n\n\n\n<figure class=\"wp-block-image size-large is-resized is-style-default\"><img loading=\"lazy\" decoding=\"async\" src=\"http:\/\/localhost\/wordpress\/wp-content\/uploads\/2020\/10\/Poursuite-etudes-1024x778.png\" alt=\"\" class=\"wp-image-107\" width=\"386\" height=\"293\" srcset=\"https:\/\/www.bts-ndrc-perrier.fr\/wp-content\/uploads\/2020\/10\/Poursuite-etudes-1024x778.png 1024w, https:\/\/www.bts-ndrc-perrier.fr\/wp-content\/uploads\/2020\/10\/Poursuite-etudes-300x228.png 300w, https:\/\/www.bts-ndrc-perrier.fr\/wp-content\/uploads\/2020\/10\/Poursuite-etudes-768x583.png 768w, https:\/\/www.bts-ndrc-perrier.fr\/wp-content\/uploads\/2020\/10\/Poursuite-etudes-1536x1167.png 1536w, https:\/\/www.bts-ndrc-perrier.fr\/wp-content\/uploads\/2020\/10\/Poursuite-etudes-2048x1555.png 2048w\" sizes=\"(max-width: 386px) 100vw, 386px\" \/><\/figure>\n\n\n\n<p>Environ la moiti\u00e9 des \u00e9tudiants poursuit apr\u00e8s un BTS.<\/p>\n\n\n\n<p>La grande majorit\u00e9 en <strong>licences professionnelles<\/strong>, tr\u00e8s souvent en <strong>alternance<\/strong>, telles que : <em>MAC (Management de l&rsquo;Action Commerciale) \u00e0 l&rsquo;IUT de Limoges, Responsable de d\u00e9veloppement \u00e0 la CCI de Brive, ABF (Assurance Banque et Finance) \u00e0 l&rsquo;IUT de Limoges, Gestion de rayons \u00e0 l&rsquo;IUT de Limoges&#8230;<\/em><\/p>\n\n\n\n<p class=\"has-text-align-right has-vivid-cyan-blue-color has-text-color\"><em>Retrouvez les t\u00e9moignages d&rsquo;anciens \u00e9tudiants qui ont poursuivi leurs \u00e9tudes en cliquant <\/em><strong><a href=\"http:\/\/bts-ndrc-perrier.fr\/?cat=17\">ici<\/a><\/strong><\/p>\n\n\n\n<h3 class=\"has-vivid-red-color has-text-color wp-block-heading\">Les m\u00e9tiers<\/h3>\n\n\n\n<figure class=\"wp-block-image size-large is-resized is-style-default\"><img loading=\"lazy\" decoding=\"async\" src=\"http:\/\/localhost\/wordpress\/wp-content\/uploads\/2020\/10\/metiers-1024x774.png\" alt=\"\" class=\"wp-image-105\" width=\"390\" height=\"294\" srcset=\"https:\/\/www.bts-ndrc-perrier.fr\/wp-content\/uploads\/2020\/10\/metiers-1024x774.png 1024w, https:\/\/www.bts-ndrc-perrier.fr\/wp-content\/uploads\/2020\/10\/metiers-300x227.png 300w, https:\/\/www.bts-ndrc-perrier.fr\/wp-content\/uploads\/2020\/10\/metiers-768x581.png 768w, https:\/\/www.bts-ndrc-perrier.fr\/wp-content\/uploads\/2020\/10\/metiers-1536x1162.png 1536w, https:\/\/www.bts-ndrc-perrier.fr\/wp-content\/uploads\/2020\/10\/metiers-2048x1549.png 2048w\" sizes=\"(max-width: 390px) 100vw, 390px\" \/><\/figure>\n\n\n\n<p>Vous cherchez \u00e0 int\u00e9grer le <strong>monde professionnel<\/strong> rapidement ?<\/p>\n\n\n\n<p>Le BTS NDRC est <strong>LA solution<\/strong> :<\/p>\n\n\n\n<p> &#8211;  <strong>le BTS avec le meilleur taux d&#8217;employabilit\u00e9<\/strong> \u00e0 la sortie (autour de 71 %)<\/p>\n\n\n\n<p> &#8211;  le <strong>domaine commercial est un secteur qui recrute et qui se d\u00e9veloppe<\/strong>, en particulier en <strong>e-commerce<\/strong><\/p>\n\n\n\n<p> &#8211;  beaucoup de <strong>stages <\/strong>se transforment <strong>en une licence par alternance ou un emploi<\/strong> direct \u00e0 la sortie du BTS<\/p>\n\n\n\n<h3 class=\"has-vivid-red-color has-text-color wp-block-heading\">Les anciens<\/h3>\n\n\n\n<p>Dans cette section, vous allez <strong>rencontrer des anciens \u00e9tudiants <\/strong>et savoir ce qu&rsquo;ils sont devenus ! <\/p>\n\n\n\n<p>Ils vous livrent leur <strong>v\u00e9cu <\/strong>dans le BTS et leur <strong>exp\u00e9rience <\/strong>en tant que commercial ou encore dans les licences !<\/p>\n\n\n\n<div class=\"wp-block-buttons aligncenter is-layout-flex wp-block-buttons-is-layout-flex\">\n<div class=\"wp-block-button\"><a class=\"wp-block-button__link has-white-color has-vivid-cyan-blue-background-color has-text-color has-background\" href=\"http:\/\/bts-ndrc-perrier.fr\/?cat=18\">Lire les anciens<\/a><\/div>\n<\/div>\n\n\n\n<p><\/p>\n\n\n\n<p class=\"has-text-align-center has-medium-font-size\">Revenir \u00e0 la pr\u00e9sentation du <a href=\"http:\/\/bts-ndrc-perrier.fr\/?page_id=45\">BTS NDRC<\/a><\/p>\n","protected":false},"excerpt":{"rendered":"<p>Les mati\u00e8res &gt;&gt; L&rsquo;examen &gt;&gt; Les stages &gt;&gt; Les d\u00e9bouch\u00e9s La poursuite d&rsquo;\u00e9tudes Environ la moiti\u00e9 des \u00e9tudiants poursuit apr\u00e8s un BTS. La grande majorit\u00e9 en licences professionnelles, tr\u00e8s souvent en alternance, telles que : MAC (Management de l&rsquo;Action Commerciale) \u00e0 l&rsquo;IUT de Limoges, Responsable de d\u00e9veloppement \u00e0 la CCI de Brive, ABF (Assurance Banque [&hellip;]<\/p>\n","protected":false},"author":1,"featured_media":0,"parent":0,"menu_order":0,"comment_status":"closed","ping_status":"closed","template":"","meta":{"saved_in_kubio":false,"_uag_custom_page_level_css":"","footnotes":""},"class_list":["post-139","page","type-page","status-publish","hentry"],"kubio_ai_page_context":{"short_desc":"","purpose":"general"},"yoast_head":"<!-- This site is optimized with the Yoast SEO plugin v23.9 - https:\/\/yoast.com\/wordpress\/plugins\/seo\/ -->\n<title>Les d\u00e9bouch\u00e9s - BTS NDRC Edmond Perrier Tulle<\/title>\n<meta name=\"robots\" content=\"noindex, follow, max-snippet:-1, max-image-preview:large, max-video-preview:-1\" \/>\n<meta property=\"og:locale\" content=\"fr_FR\" \/>\n<meta property=\"og:type\" content=\"article\" \/>\n<meta property=\"og:title\" content=\"Les d\u00e9bouch\u00e9s - BTS NDRC Edmond Perrier Tulle\" \/>\n<meta property=\"og:description\" content=\"Les mati\u00e8res &gt;&gt; L&rsquo;examen &gt;&gt; Les stages &gt;&gt; Les d\u00e9bouch\u00e9s La poursuite d&rsquo;\u00e9tudes Environ la moiti\u00e9 des \u00e9tudiants poursuit apr\u00e8s un BTS. La grande majorit\u00e9 en licences professionnelles, tr\u00e8s souvent en alternance, telles que : MAC (Management de l&rsquo;Action Commerciale) \u00e0 l&rsquo;IUT de Limoges, Responsable de d\u00e9veloppement \u00e0 la CCI de Brive, ABF (Assurance Banque [&hellip;]\" \/>\n<meta property=\"og:url\" content=\"https:\/\/www.bts-ndrc-perrier.fr\/?page_id=139\" \/>\n<meta property=\"og:site_name\" content=\"BTS NDRC Edmond Perrier Tulle\" \/>\n<meta property=\"article:modified_time\" content=\"2020-12-16T15:41:57+00:00\" \/>\n<meta property=\"og:image\" content=\"http:\/\/localhost\/wordpress\/wp-content\/uploads\/2020\/10\/Poursuite-etudes-1024x778.png\" \/>\n<meta name=\"twitter:card\" content=\"summary_large_image\" \/>\n<meta name=\"twitter:label1\" content=\"Dur\u00e9e de lecture estim\u00e9e\" \/>\n\t<meta name=\"twitter:data1\" content=\"1 minute\" \/>\n<script type=\"application\/ld+json\" class=\"yoast-schema-graph\">{\"@context\":\"https:\/\/schema.org\",\"@graph\":[{\"@type\":\"WebPage\",\"@id\":\"https:\/\/www.bts-ndrc-perrier.fr\/?page_id=139\",\"url\":\"https:\/\/www.bts-ndrc-perrier.fr\/?page_id=139\",\"name\":\"Les d\u00e9bouch\u00e9s - BTS NDRC Edmond Perrier Tulle\",\"isPartOf\":{\"@id\":\"https:\/\/www.bts-ndrc-perrier.fr\/#website\"},\"primaryImageOfPage\":{\"@id\":\"https:\/\/www.bts-ndrc-perrier.fr\/?page_id=139#primaryimage\"},\"image\":{\"@id\":\"https:\/\/www.bts-ndrc-perrier.fr\/?page_id=139#primaryimage\"},\"thumbnailUrl\":\"http:\/\/localhost\/wordpress\/wp-content\/uploads\/2020\/10\/Poursuite-etudes-1024x778.png\",\"datePublished\":\"2020-10-17T17:16:29+00:00\",\"dateModified\":\"2020-12-16T15:41:57+00:00\",\"breadcrumb\":{\"@id\":\"https:\/\/www.bts-ndrc-perrier.fr\/?page_id=139#breadcrumb\"},\"inLanguage\":\"fr-FR\",\"potentialAction\":[{\"@type\":\"ReadAction\",\"target\":[\"https:\/\/www.bts-ndrc-perrier.fr\/?page_id=139\"]}]},{\"@type\":\"ImageObject\",\"inLanguage\":\"fr-FR\",\"@id\":\"https:\/\/www.bts-ndrc-perrier.fr\/?page_id=139#primaryimage\",\"url\":\"http:\/\/localhost\/wordpress\/wp-content\/uploads\/2020\/10\/Poursuite-etudes-1024x778.png\",\"contentUrl\":\"http:\/\/localhost\/wordpress\/wp-content\/uploads\/2020\/10\/Poursuite-etudes-1024x778.png\"},{\"@type\":\"BreadcrumbList\",\"@id\":\"https:\/\/www.bts-ndrc-perrier.fr\/?page_id=139#breadcrumb\",\"itemListElement\":[{\"@type\":\"ListItem\",\"position\":1,\"name\":\"Accueil\",\"item\":\"https:\/\/www.bts-ndrc-perrier.fr\/\"},{\"@type\":\"ListItem\",\"position\":2,\"name\":\"Les d\u00e9bouch\u00e9s\"}]},{\"@type\":\"WebSite\",\"@id\":\"https:\/\/www.bts-ndrc-perrier.fr\/#website\",\"url\":\"https:\/\/www.bts-ndrc-perrier.fr\/\",\"name\":\"BTS NDRC Edmond Perrier Tulle\",\"description\":\"N\u00e9gociation et Digitalisation de la Relation Client\",\"publisher\":{\"@id\":\"https:\/\/www.bts-ndrc-perrier.fr\/#organization\"},\"potentialAction\":[{\"@type\":\"SearchAction\",\"target\":{\"@type\":\"EntryPoint\",\"urlTemplate\":\"https:\/\/www.bts-ndrc-perrier.fr\/?s={search_term_string}\"},\"query-input\":{\"@type\":\"PropertyValueSpecification\",\"valueRequired\":true,\"valueName\":\"search_term_string\"}}],\"inLanguage\":\"fr-FR\"},{\"@type\":\"Organization\",\"@id\":\"https:\/\/www.bts-ndrc-perrier.fr\/#organization\",\"name\":\"BTS NDRC Edmond Perrier Tulle\",\"url\":\"https:\/\/www.bts-ndrc-perrier.fr\/\",\"logo\":{\"@type\":\"ImageObject\",\"inLanguage\":\"fr-FR\",\"@id\":\"https:\/\/www.bts-ndrc-perrier.fr\/#\/schema\/logo\/image\/\",\"url\":\"https:\/\/www.bts-ndrc-perrier.fr\/wp-content\/uploads\/2024\/12\/cropped-Nouvelle-aquitaine-et-acad-limoges.png\",\"contentUrl\":\"https:\/\/www.bts-ndrc-perrier.fr\/wp-content\/uploads\/2024\/12\/cropped-Nouvelle-aquitaine-et-acad-limoges.png\",\"width\":466,\"height\":250,\"caption\":\"BTS NDRC  Edmond Perrier Tulle\"},\"image\":{\"@id\":\"https:\/\/www.bts-ndrc-perrier.fr\/#\/schema\/logo\/image\/\"}}]}<\/script>\n<!-- \/ Yoast SEO plugin. -->","yoast_head_json":{"title":"Les d\u00e9bouch\u00e9s - BTS NDRC Edmond Perrier Tulle","robots":{"index":"noindex","follow":"follow","max-snippet":"max-snippet:-1","max-image-preview":"max-image-preview:large","max-video-preview":"max-video-preview:-1"},"og_locale":"fr_FR","og_type":"article","og_title":"Les d\u00e9bouch\u00e9s - BTS NDRC Edmond Perrier Tulle","og_description":"Les mati\u00e8res &gt;&gt; L&rsquo;examen &gt;&gt; Les stages &gt;&gt; Les d\u00e9bouch\u00e9s La poursuite d&rsquo;\u00e9tudes Environ la moiti\u00e9 des \u00e9tudiants poursuit apr\u00e8s un BTS. La grande majorit\u00e9 en licences professionnelles, tr\u00e8s souvent en alternance, telles que : MAC (Management de l&rsquo;Action Commerciale) \u00e0 l&rsquo;IUT de Limoges, Responsable de d\u00e9veloppement \u00e0 la CCI de Brive, ABF (Assurance Banque [&hellip;]","og_url":"https:\/\/www.bts-ndrc-perrier.fr\/?page_id=139","og_site_name":"BTS NDRC Edmond Perrier Tulle","article_modified_time":"2020-12-16T15:41:57+00:00","og_image":[{"url":"http:\/\/localhost\/wordpress\/wp-content\/uploads\/2020\/10\/Poursuite-etudes-1024x778.png"}],"twitter_card":"summary_large_image","twitter_misc":{"Dur\u00e9e de lecture estim\u00e9e":"1 minute"},"schema":{"@context":"https:\/\/schema.org","@graph":[{"@type":"WebPage","@id":"https:\/\/www.bts-ndrc-perrier.fr\/?page_id=139","url":"https:\/\/www.bts-ndrc-perrier.fr\/?page_id=139","name":"Les d\u00e9bouch\u00e9s - BTS NDRC Edmond Perrier Tulle","isPartOf":{"@id":"https:\/\/www.bts-ndrc-perrier.fr\/#website"},"primaryImageOfPage":{"@id":"https:\/\/www.bts-ndrc-perrier.fr\/?page_id=139#primaryimage"},"image":{"@id":"https:\/\/www.bts-ndrc-perrier.fr\/?page_id=139#primaryimage"},"thumbnailUrl":"http:\/\/localhost\/wordpress\/wp-content\/uploads\/2020\/10\/Poursuite-etudes-1024x778.png","datePublished":"2020-10-17T17:16:29+00:00","dateModified":"2020-12-16T15:41:57+00:00","breadcrumb":{"@id":"https:\/\/www.bts-ndrc-perrier.fr\/?page_id=139#breadcrumb"},"inLanguage":"fr-FR","potentialAction":[{"@type":"ReadAction","target":["https:\/\/www.bts-ndrc-perrier.fr\/?page_id=139"]}]},{"@type":"ImageObject","inLanguage":"fr-FR","@id":"https:\/\/www.bts-ndrc-perrier.fr\/?page_id=139#primaryimage","url":"http:\/\/localhost\/wordpress\/wp-content\/uploads\/2020\/10\/Poursuite-etudes-1024x778.png","contentUrl":"http:\/\/localhost\/wordpress\/wp-content\/uploads\/2020\/10\/Poursuite-etudes-1024x778.png"},{"@type":"BreadcrumbList","@id":"https:\/\/www.bts-ndrc-perrier.fr\/?page_id=139#breadcrumb","itemListElement":[{"@type":"ListItem","position":1,"name":"Accueil","item":"https:\/\/www.bts-ndrc-perrier.fr\/"},{"@type":"ListItem","position":2,"name":"Les d\u00e9bouch\u00e9s"}]},{"@type":"WebSite","@id":"https:\/\/www.bts-ndrc-perrier.fr\/#website","url":"https:\/\/www.bts-ndrc-perrier.fr\/","name":"BTS NDRC Edmond Perrier Tulle","description":"N\u00e9gociation et Digitalisation de la Relation Client","publisher":{"@id":"https:\/\/www.bts-ndrc-perrier.fr\/#organization"},"potentialAction":[{"@type":"SearchAction","target":{"@type":"EntryPoint","urlTemplate":"https:\/\/www.bts-ndrc-perrier.fr\/?s={search_term_string}"},"query-input":{"@type":"PropertyValueSpecification","valueRequired":true,"valueName":"search_term_string"}}],"inLanguage":"fr-FR"},{"@type":"Organization","@id":"https:\/\/www.bts-ndrc-perrier.fr\/#organization","name":"BTS NDRC Edmond Perrier Tulle","url":"https:\/\/www.bts-ndrc-perrier.fr\/","logo":{"@type":"ImageObject","inLanguage":"fr-FR","@id":"https:\/\/www.bts-ndrc-perrier.fr\/#\/schema\/logo\/image\/","url":"https:\/\/www.bts-ndrc-perrier.fr\/wp-content\/uploads\/2024\/12\/cropped-Nouvelle-aquitaine-et-acad-limoges.png","contentUrl":"https:\/\/www.bts-ndrc-perrier.fr\/wp-content\/uploads\/2024\/12\/cropped-Nouvelle-aquitaine-et-acad-limoges.png","width":466,"height":250,"caption":"BTS NDRC  Edmond Perrier Tulle"},"image":{"@id":"https:\/\/www.bts-ndrc-perrier.fr\/#\/schema\/logo\/image\/"}}]}},"uagb_featured_image_src":{"full":false,"thumbnail":false,"medium":false,"medium_large":false,"large":false,"1536x1536":false,"2048x2048":false,"kubio-fullhd":false},"uagb_author_info":{"display_name":"admin","author_link":"https:\/\/www.bts-ndrc-perrier.fr\/?author=1"},"uagb_comment_info":0,"uagb_excerpt":"Les mati\u00e8res &gt;&gt; L&rsquo;examen &gt;&gt; Les stages &gt;&gt; Les d\u00e9bouch\u00e9s La poursuite d&rsquo;\u00e9tudes Environ la moiti\u00e9 des \u00e9tudiants poursuit apr\u00e8s un BTS. La grande majorit\u00e9 en licences professionnelles, tr\u00e8s souvent en alternance, telles que : MAC (Management de l&rsquo;Action Commerciale) \u00e0 l&rsquo;IUT de Limoges, Responsable de d\u00e9veloppement \u00e0 la CCI de Brive, ABF (Assurance Banque\u2026","_links":{"self":[{"href":"https:\/\/www.bts-ndrc-perrier.fr\/index.php?rest_route=\/wp\/v2\/pages\/139","targetHints":{"allow":["GET"]}}],"collection":[{"href":"https:\/\/www.bts-ndrc-perrier.fr\/index.php?rest_route=\/wp\/v2\/pages"}],"about":[{"href":"https:\/\/www.bts-ndrc-perrier.fr\/index.php?rest_route=\/wp\/v2\/types\/page"}],"author":[{"embeddable":true,"href":"https:\/\/www.bts-ndrc-perrier.fr\/index.php?rest_route=\/wp\/v2\/users\/1"}],"replies":[{"embeddable":true,"href":"https:\/\/www.bts-ndrc-perrier.fr\/index.php?rest_route=%2Fwp%2Fv2%2Fcomments&post=139"}],"version-history":[{"count":10,"href":"https:\/\/www.bts-ndrc-perrier.fr\/index.php?rest_route=\/wp\/v2\/pages\/139\/revisions"}],"predecessor-version":[{"id":352,"href":"https:\/\/www.bts-ndrc-perrier.fr\/index.php?rest_route=\/wp\/v2\/pages\/139\/revisions\/352"}],"wp:attachment":[{"href":"https:\/\/www.bts-ndrc-perrier.fr\/index.php?rest_route=%2Fwp%2Fv2%2Fmedia&parent=139"}],"curies":[{"name":"wp","href":"https:\/\/api.w.org\/{rel}","templated":true}]}}