{"id":174,"date":"2020-10-18T14:03:10","date_gmt":"2020-10-18T12:03:10","guid":{"rendered":"http:\/\/localhost\/wordpress\/?page_id=174"},"modified":"2020-10-18T19:23:54","modified_gmt":"2020-10-18T17:23:54","slug":"les-projets","status":"publish","type":"page","link":"https:\/\/www.bts-ndrc-perrier.fr\/?page_id=174","title":{"rendered":"Les projets"},"content":{"rendered":"\n<h2 class=\"has-vivid-cyan-blue-color has-text-color wp-block-heading\"><strong>Les projets men\u00e9s<\/strong><\/h2>\n\n\n\n<p>Faire sa scolarit\u00e9 en BTS NDRC de Tulle, c&rsquo;est <strong>adh\u00e9rer \u00e0 des projets<\/strong> choisis par l&rsquo;\u00e9quipe p\u00e9dagogique, correspondants aux <strong>besoins pour les examens ou pour s&rsquo;int\u00e9grer<\/strong> dans la formation :<\/p>\n\n\n\n<div class=\"wp-block-media-text alignwide is-stacked-on-mobile is-vertically-aligned-center\" style=\"grid-template-columns:33% auto\"><figure class=\"wp-block-media-text__media\"><img loading=\"lazy\" decoding=\"async\" width=\"1024\" height=\"768\" src=\"http:\/\/localhost\/wordpress\/wp-content\/uploads\/2020\/10\/IMG_2579-1024x768.jpeg\" alt=\"\" class=\"wp-image-166\" srcset=\"https:\/\/www.bts-ndrc-perrier.fr\/wp-content\/uploads\/2020\/10\/IMG_2579-1024x768.jpeg 1024w, https:\/\/www.bts-ndrc-perrier.fr\/wp-content\/uploads\/2020\/10\/IMG_2579-300x225.jpeg 300w, https:\/\/www.bts-ndrc-perrier.fr\/wp-content\/uploads\/2020\/10\/IMG_2579-768x576.jpeg 768w, https:\/\/www.bts-ndrc-perrier.fr\/wp-content\/uploads\/2020\/10\/IMG_2579-1536x1152.jpeg 1536w, https:\/\/www.bts-ndrc-perrier.fr\/wp-content\/uploads\/2020\/10\/IMG_2579.jpeg 2048w\" sizes=\"(max-width: 1024px) 100vw, 1024px\" \/><\/figure><div class=\"wp-block-media-text__content\">\n<p class=\"has-normal-font-size\">2 <strong>journ\u00e9es d&rsquo;int\u00e9gration<\/strong> : <\/p>\n\n\n\n<ul class=\"wp-block-list\"><li>Celle organis\u00e9e par la <strong>ville de Tulle<\/strong> avec tous les \u00e9tudiants<\/li><li>Celle du <strong>BTS<\/strong>, une <strong>surprise <\/strong>organis\u00e9e par les 2\u00e8me ann\u00e9es, diff\u00e9rente tous les ans<\/li><\/ul>\n<\/div><\/div>\n\n\n\n<hr class=\"wp-block-separator has-text-color has-background has-vivid-cyan-blue-background-color has-vivid-cyan-blue-color is-style-wide\"\/>\n\n\n\n<div class=\"wp-block-media-text alignwide has-media-on-the-right is-stacked-on-mobile\" style=\"grid-template-columns:auto 29%\"><figure class=\"wp-block-media-text__media\"><img loading=\"lazy\" decoding=\"async\" width=\"572\" height=\"590\" src=\"http:\/\/localhost\/wordpress\/wp-content\/uploads\/2020\/10\/Flocon.png\" alt=\"\" class=\"wp-image-116\" srcset=\"https:\/\/www.bts-ndrc-perrier.fr\/wp-content\/uploads\/2020\/10\/Flocon.png 572w, https:\/\/www.bts-ndrc-perrier.fr\/wp-content\/uploads\/2020\/10\/Flocon-291x300.png 291w\" sizes=\"(max-width: 572px) 100vw, 572px\" \/><\/figure><div class=\"wp-block-media-text__content\">\n<p class=\"has-normal-font-size\">La <strong>vente de chocolats<\/strong>, entra\u00eenement et premi\u00e8re exp\u00e9rience offerte pour se pr\u00e9parer \u00e0 tous les examens gr\u00e2ce \u00e0 l&rsquo;entreprise FLOCON !<\/p>\n\n\n\n<p>Tous les ans, un chiffre d&rsquo;affaires cons\u00e9quent est r\u00e9alis\u00e9, une <strong>vraie exp\u00e9rience<\/strong> pour valoriser son CV !<\/p>\n<\/div><\/div>\n\n\n\n<hr class=\"wp-block-separator has-text-color has-background has-vivid-cyan-blue-background-color has-vivid-cyan-blue-color is-style-wide\"\/>\n\n\n\n<div class=\"wp-block-media-text alignwide is-stacked-on-mobile\" style=\"grid-template-columns:22% auto\"><figure class=\"wp-block-media-text__media\"><img decoding=\"async\" src=\"http:\/\/localhost\/wordpress\/wp-content\/uploads\/2020\/10\/IMG_47822-rotated.jpeg\" alt=\"\" class=\"wp-image-170\"\/><\/figure><div class=\"wp-block-media-text__content\">\n<p class=\"has-text-align-center has-normal-font-size\">Une alliance avec l&rsquo;entreprise Thiriet, et vendre des <strong>produits s\u00e9lectionn\u00e9s<\/strong> avec soin par les managers <br>soit en <strong>porte-\u00e0-porte<\/strong><br>soit par <strong>t\u00e9l\u00e9phone<\/strong><\/p>\n\n\n\n<p>Une semaine de <strong>stage tr\u00e8s enrichissante<\/strong>, men\u00e9e avec l&rsquo;ensemble de la classe !<\/p>\n<\/div><\/div>\n\n\n\n<hr class=\"wp-block-separator has-text-color has-background has-vivid-cyan-blue-background-color has-vivid-cyan-blue-color is-style-wide\"\/>\n\n\n\n<div class=\"wp-block-media-text alignwide has-media-on-the-right is-stacked-on-mobile\" style=\"grid-template-columns:auto 24%\"><figure class=\"wp-block-media-text__media\"><img loading=\"lazy\" decoding=\"async\" width=\"160\" height=\"160\" src=\"http:\/\/localhost\/wordpress\/wp-content\/uploads\/2020\/10\/logo-tellis-2.png\" alt=\"\" class=\"wp-image-227\" srcset=\"https:\/\/www.bts-ndrc-perrier.fr\/wp-content\/uploads\/2020\/10\/logo-tellis-2.png 160w, https:\/\/www.bts-ndrc-perrier.fr\/wp-content\/uploads\/2020\/10\/logo-tellis-2-150x150.png 150w, https:\/\/www.bts-ndrc-perrier.fr\/wp-content\/uploads\/2020\/10\/logo-tellis-2-100x100.png 100w\" sizes=\"(max-width: 160px) 100vw, 160px\" \/><\/figure><div class=\"wp-block-media-text__content\">\n<p class=\"has-normal-font-size\">Un partenariat avec <strong>Tellis<\/strong>, pour vivre le m\u00e9tier de t\u00e9l\u00e9acteur, et acqu\u00e9rir les <strong>comp\u00e9tences et savoir-faire<\/strong> indispensables pour l&rsquo;examen !<\/p>\n<\/div><\/div>\n\n\n\n<hr class=\"wp-block-separator has-text-color has-background has-vivid-cyan-blue-background-color has-vivid-cyan-blue-color is-style-wide\"\/>\n\n\n\n<div class=\"wp-block-media-text alignwide is-stacked-on-mobile\" style=\"grid-template-columns:33% auto\"><figure class=\"wp-block-media-text__media\"><img loading=\"lazy\" decoding=\"async\" width=\"512\" height=\"335\" src=\"http:\/\/localhost\/wordpress\/wp-content\/uploads\/2020\/10\/CMA.jpg\" alt=\"\" class=\"wp-image-31\" srcset=\"https:\/\/www.bts-ndrc-perrier.fr\/wp-content\/uploads\/2020\/10\/CMA.jpg 512w, https:\/\/www.bts-ndrc-perrier.fr\/wp-content\/uploads\/2020\/10\/CMA-300x196.jpg 300w\" sizes=\"(max-width: 512px) 100vw, 512px\" \/><\/figure><div class=\"wp-block-media-text__content\">\n<p class=\"has-normal-font-size\">Pendant deux ann\u00e9es cons\u00e9cutives, travail pour le compte de 6 <strong>artisans <\/strong>afin de leur proposer des <strong>sites vitrines <\/strong>cl\u00e9s en main !<\/p>\n\n\n\n<p>Des <strong>rencontres riches<\/strong>, qui ont g\u00e9n\u00e9r\u00e9 de la <strong>cr\u00e9ativit\u00e9 <\/strong>et des propositions de sites surprenantes !<\/p>\n<\/div><\/div>\n\n\n\n<hr class=\"wp-block-separator has-text-color has-background has-vivid-cyan-blue-background-color has-vivid-cyan-blue-color is-style-wide\"\/>\n\n\n\n<p class=\"has-text-align-center has-small-font-size\"><\/p>\n","protected":false},"excerpt":{"rendered":"<p>Les projets men\u00e9s Faire sa scolarit\u00e9 en BTS NDRC de Tulle, c&rsquo;est adh\u00e9rer \u00e0 des projets choisis par l&rsquo;\u00e9quipe p\u00e9dagogique, correspondants aux besoins pour les examens ou pour s&rsquo;int\u00e9grer dans la formation : 2 journ\u00e9es d&rsquo;int\u00e9gration : Celle organis\u00e9e par la ville de Tulle avec tous les \u00e9tudiants Celle du BTS, une surprise organis\u00e9e par [&hellip;]<\/p>\n","protected":false},"author":1,"featured_media":0,"parent":0,"menu_order":0,"comment_status":"closed","ping_status":"closed","template":"","meta":{"saved_in_kubio":false,"_uag_custom_page_level_css":"","footnotes":""},"class_list":["post-174","page","type-page","status-publish","hentry"],"kubio_ai_page_context":{"short_desc":"","purpose":"general"},"yoast_head":"<!-- This site is optimized with the Yoast SEO plugin v23.9 - https:\/\/yoast.com\/wordpress\/plugins\/seo\/ -->\n<title>Les projets - BTS NDRC Edmond Perrier Tulle<\/title>\n<meta name=\"robots\" content=\"noindex, follow, max-snippet:-1, max-image-preview:large, max-video-preview:-1\" \/>\n<meta property=\"og:locale\" content=\"fr_FR\" \/>\n<meta property=\"og:type\" content=\"article\" \/>\n<meta property=\"og:title\" content=\"Les projets - BTS NDRC Edmond Perrier Tulle\" \/>\n<meta property=\"og:description\" content=\"Les projets men\u00e9s Faire sa scolarit\u00e9 en BTS NDRC de Tulle, c&rsquo;est adh\u00e9rer \u00e0 des projets choisis par l&rsquo;\u00e9quipe p\u00e9dagogique, correspondants aux besoins pour les examens ou pour s&rsquo;int\u00e9grer dans la formation : 2 journ\u00e9es d&rsquo;int\u00e9gration : Celle organis\u00e9e par la ville de Tulle avec tous les \u00e9tudiants Celle du BTS, une surprise organis\u00e9e par [&hellip;]\" \/>\n<meta property=\"og:url\" content=\"https:\/\/www.bts-ndrc-perrier.fr\/?page_id=174\" \/>\n<meta property=\"og:site_name\" content=\"BTS NDRC Edmond Perrier Tulle\" \/>\n<meta property=\"article:modified_time\" content=\"2020-10-18T17:23:54+00:00\" \/>\n<meta property=\"og:image\" content=\"http:\/\/localhost\/wordpress\/wp-content\/uploads\/2020\/10\/IMG_2579-1024x768.jpeg\" \/>\n<meta name=\"twitter:card\" content=\"summary_large_image\" \/>\n<meta name=\"twitter:label1\" content=\"Dur\u00e9e de lecture estim\u00e9e\" \/>\n\t<meta name=\"twitter:data1\" content=\"1 minute\" \/>\n<script type=\"application\/ld+json\" class=\"yoast-schema-graph\">{\"@context\":\"https:\/\/schema.org\",\"@graph\":[{\"@type\":\"WebPage\",\"@id\":\"https:\/\/www.bts-ndrc-perrier.fr\/?page_id=174\",\"url\":\"https:\/\/www.bts-ndrc-perrier.fr\/?page_id=174\",\"name\":\"Les projets - BTS NDRC Edmond Perrier Tulle\",\"isPartOf\":{\"@id\":\"https:\/\/www.bts-ndrc-perrier.fr\/#website\"},\"primaryImageOfPage\":{\"@id\":\"https:\/\/www.bts-ndrc-perrier.fr\/?page_id=174#primaryimage\"},\"image\":{\"@id\":\"https:\/\/www.bts-ndrc-perrier.fr\/?page_id=174#primaryimage\"},\"thumbnailUrl\":\"http:\/\/localhost\/wordpress\/wp-content\/uploads\/2020\/10\/IMG_2579-1024x768.jpeg\",\"datePublished\":\"2020-10-18T12:03:10+00:00\",\"dateModified\":\"2020-10-18T17:23:54+00:00\",\"breadcrumb\":{\"@id\":\"https:\/\/www.bts-ndrc-perrier.fr\/?page_id=174#breadcrumb\"},\"inLanguage\":\"fr-FR\",\"potentialAction\":[{\"@type\":\"ReadAction\",\"target\":[\"https:\/\/www.bts-ndrc-perrier.fr\/?page_id=174\"]}]},{\"@type\":\"ImageObject\",\"inLanguage\":\"fr-FR\",\"@id\":\"https:\/\/www.bts-ndrc-perrier.fr\/?page_id=174#primaryimage\",\"url\":\"http:\/\/localhost\/wordpress\/wp-content\/uploads\/2020\/10\/IMG_2579-1024x768.jpeg\",\"contentUrl\":\"http:\/\/localhost\/wordpress\/wp-content\/uploads\/2020\/10\/IMG_2579-1024x768.jpeg\"},{\"@type\":\"BreadcrumbList\",\"@id\":\"https:\/\/www.bts-ndrc-perrier.fr\/?page_id=174#breadcrumb\",\"itemListElement\":[{\"@type\":\"ListItem\",\"position\":1,\"name\":\"Accueil\",\"item\":\"https:\/\/www.bts-ndrc-perrier.fr\/\"},{\"@type\":\"ListItem\",\"position\":2,\"name\":\"Les projets\"}]},{\"@type\":\"WebSite\",\"@id\":\"https:\/\/www.bts-ndrc-perrier.fr\/#website\",\"url\":\"https:\/\/www.bts-ndrc-perrier.fr\/\",\"name\":\"BTS NDRC Edmond Perrier Tulle\",\"description\":\"N\u00e9gociation et Digitalisation de la Relation Client\",\"publisher\":{\"@id\":\"https:\/\/www.bts-ndrc-perrier.fr\/#organization\"},\"potentialAction\":[{\"@type\":\"SearchAction\",\"target\":{\"@type\":\"EntryPoint\",\"urlTemplate\":\"https:\/\/www.bts-ndrc-perrier.fr\/?s={search_term_string}\"},\"query-input\":{\"@type\":\"PropertyValueSpecification\",\"valueRequired\":true,\"valueName\":\"search_term_string\"}}],\"inLanguage\":\"fr-FR\"},{\"@type\":\"Organization\",\"@id\":\"https:\/\/www.bts-ndrc-perrier.fr\/#organization\",\"name\":\"BTS NDRC Edmond Perrier Tulle\",\"url\":\"https:\/\/www.bts-ndrc-perrier.fr\/\",\"logo\":{\"@type\":\"ImageObject\",\"inLanguage\":\"fr-FR\",\"@id\":\"https:\/\/www.bts-ndrc-perrier.fr\/#\/schema\/logo\/image\/\",\"url\":\"https:\/\/www.bts-ndrc-perrier.fr\/wp-content\/uploads\/2024\/12\/cropped-Nouvelle-aquitaine-et-acad-limoges.png\",\"contentUrl\":\"https:\/\/www.bts-ndrc-perrier.fr\/wp-content\/uploads\/2024\/12\/cropped-Nouvelle-aquitaine-et-acad-limoges.png\",\"width\":466,\"height\":250,\"caption\":\"BTS NDRC  Edmond Perrier Tulle\"},\"image\":{\"@id\":\"https:\/\/www.bts-ndrc-perrier.fr\/#\/schema\/logo\/image\/\"}}]}<\/script>\n<!-- \/ Yoast SEO plugin. -->","yoast_head_json":{"title":"Les projets - BTS NDRC Edmond Perrier Tulle","robots":{"index":"noindex","follow":"follow","max-snippet":"max-snippet:-1","max-image-preview":"max-image-preview:large","max-video-preview":"max-video-preview:-1"},"og_locale":"fr_FR","og_type":"article","og_title":"Les projets - BTS NDRC Edmond Perrier Tulle","og_description":"Les projets men\u00e9s Faire sa scolarit\u00e9 en BTS NDRC de Tulle, c&rsquo;est adh\u00e9rer \u00e0 des projets choisis par l&rsquo;\u00e9quipe p\u00e9dagogique, correspondants aux besoins pour les examens ou pour s&rsquo;int\u00e9grer dans la formation : 2 journ\u00e9es d&rsquo;int\u00e9gration : Celle organis\u00e9e par la ville de Tulle avec tous les \u00e9tudiants Celle du BTS, une surprise organis\u00e9e par [&hellip;]","og_url":"https:\/\/www.bts-ndrc-perrier.fr\/?page_id=174","og_site_name":"BTS NDRC Edmond Perrier Tulle","article_modified_time":"2020-10-18T17:23:54+00:00","og_image":[{"url":"http:\/\/localhost\/wordpress\/wp-content\/uploads\/2020\/10\/IMG_2579-1024x768.jpeg"}],"twitter_card":"summary_large_image","twitter_misc":{"Dur\u00e9e de lecture estim\u00e9e":"1 minute"},"schema":{"@context":"https:\/\/schema.org","@graph":[{"@type":"WebPage","@id":"https:\/\/www.bts-ndrc-perrier.fr\/?page_id=174","url":"https:\/\/www.bts-ndrc-perrier.fr\/?page_id=174","name":"Les projets - BTS NDRC Edmond Perrier Tulle","isPartOf":{"@id":"https:\/\/www.bts-ndrc-perrier.fr\/#website"},"primaryImageOfPage":{"@id":"https:\/\/www.bts-ndrc-perrier.fr\/?page_id=174#primaryimage"},"image":{"@id":"https:\/\/www.bts-ndrc-perrier.fr\/?page_id=174#primaryimage"},"thumbnailUrl":"http:\/\/localhost\/wordpress\/wp-content\/uploads\/2020\/10\/IMG_2579-1024x768.jpeg","datePublished":"2020-10-18T12:03:10+00:00","dateModified":"2020-10-18T17:23:54+00:00","breadcrumb":{"@id":"https:\/\/www.bts-ndrc-perrier.fr\/?page_id=174#breadcrumb"},"inLanguage":"fr-FR","potentialAction":[{"@type":"ReadAction","target":["https:\/\/www.bts-ndrc-perrier.fr\/?page_id=174"]}]},{"@type":"ImageObject","inLanguage":"fr-FR","@id":"https:\/\/www.bts-ndrc-perrier.fr\/?page_id=174#primaryimage","url":"http:\/\/localhost\/wordpress\/wp-content\/uploads\/2020\/10\/IMG_2579-1024x768.jpeg","contentUrl":"http:\/\/localhost\/wordpress\/wp-content\/uploads\/2020\/10\/IMG_2579-1024x768.jpeg"},{"@type":"BreadcrumbList","@id":"https:\/\/www.bts-ndrc-perrier.fr\/?page_id=174#breadcrumb","itemListElement":[{"@type":"ListItem","position":1,"name":"Accueil","item":"https:\/\/www.bts-ndrc-perrier.fr\/"},{"@type":"ListItem","position":2,"name":"Les projets"}]},{"@type":"WebSite","@id":"https:\/\/www.bts-ndrc-perrier.fr\/#website","url":"https:\/\/www.bts-ndrc-perrier.fr\/","name":"BTS NDRC Edmond Perrier Tulle","description":"N\u00e9gociation et Digitalisation de la Relation Client","publisher":{"@id":"https:\/\/www.bts-ndrc-perrier.fr\/#organization"},"potentialAction":[{"@type":"SearchAction","target":{"@type":"EntryPoint","urlTemplate":"https:\/\/www.bts-ndrc-perrier.fr\/?s={search_term_string}"},"query-input":{"@type":"PropertyValueSpecification","valueRequired":true,"valueName":"search_term_string"}}],"inLanguage":"fr-FR"},{"@type":"Organization","@id":"https:\/\/www.bts-ndrc-perrier.fr\/#organization","name":"BTS NDRC Edmond Perrier Tulle","url":"https:\/\/www.bts-ndrc-perrier.fr\/","logo":{"@type":"ImageObject","inLanguage":"fr-FR","@id":"https:\/\/www.bts-ndrc-perrier.fr\/#\/schema\/logo\/image\/","url":"https:\/\/www.bts-ndrc-perrier.fr\/wp-content\/uploads\/2024\/12\/cropped-Nouvelle-aquitaine-et-acad-limoges.png","contentUrl":"https:\/\/www.bts-ndrc-perrier.fr\/wp-content\/uploads\/2024\/12\/cropped-Nouvelle-aquitaine-et-acad-limoges.png","width":466,"height":250,"caption":"BTS NDRC  Edmond Perrier Tulle"},"image":{"@id":"https:\/\/www.bts-ndrc-perrier.fr\/#\/schema\/logo\/image\/"}}]}},"uagb_featured_image_src":{"full":false,"thumbnail":false,"medium":false,"medium_large":false,"large":false,"1536x1536":false,"2048x2048":false,"kubio-fullhd":false},"uagb_author_info":{"display_name":"admin","author_link":"https:\/\/www.bts-ndrc-perrier.fr\/?author=1"},"uagb_comment_info":0,"uagb_excerpt":"Les projets men\u00e9s Faire sa scolarit\u00e9 en BTS NDRC de Tulle, c&rsquo;est adh\u00e9rer \u00e0 des projets choisis par l&rsquo;\u00e9quipe p\u00e9dagogique, correspondants aux besoins pour les examens ou pour s&rsquo;int\u00e9grer dans la formation : 2 journ\u00e9es d&rsquo;int\u00e9gration : Celle organis\u00e9e par la ville de Tulle avec tous les \u00e9tudiants Celle du BTS, une surprise organis\u00e9e par\u2026","_links":{"self":[{"href":"https:\/\/www.bts-ndrc-perrier.fr\/index.php?rest_route=\/wp\/v2\/pages\/174","targetHints":{"allow":["GET"]}}],"collection":[{"href":"https:\/\/www.bts-ndrc-perrier.fr\/index.php?rest_route=\/wp\/v2\/pages"}],"about":[{"href":"https:\/\/www.bts-ndrc-perrier.fr\/index.php?rest_route=\/wp\/v2\/types\/page"}],"author":[{"embeddable":true,"href":"https:\/\/www.bts-ndrc-perrier.fr\/index.php?rest_route=\/wp\/v2\/users\/1"}],"replies":[{"embeddable":true,"href":"https:\/\/www.bts-ndrc-perrier.fr\/index.php?rest_route=%2Fwp%2Fv2%2Fcomments&post=174"}],"version-history":[{"count":5,"href":"https:\/\/www.bts-ndrc-perrier.fr\/index.php?rest_route=\/wp\/v2\/pages\/174\/revisions"}],"predecessor-version":[{"id":306,"href":"https:\/\/www.bts-ndrc-perrier.fr\/index.php?rest_route=\/wp\/v2\/pages\/174\/revisions\/306"}],"wp:attachment":[{"href":"https:\/\/www.bts-ndrc-perrier.fr\/index.php?rest_route=%2Fwp%2Fv2%2Fmedia&parent=174"}],"curies":[{"name":"wp","href":"https:\/\/api.w.org\/{rel}","templated":true}]}}