{"id":47,"date":"2020-10-17T15:52:16","date_gmt":"2020-10-17T13:52:16","guid":{"rendered":"http:\/\/localhost\/wordpress\/?page_id=47"},"modified":"2020-12-16T16:26:21","modified_gmt":"2020-12-16T15:26:21","slug":"les-matieres","status":"publish","type":"page","link":"https:\/\/www.bts-ndrc-perrier.fr\/?page_id=47","title":{"rendered":"Les mati\u00e8res"},"content":{"rendered":"\n<h2 class=\"has-vivid-cyan-blue-color has-text-color wp-block-heading\"><strong>Les mati\u00e8res<\/strong><\/h2>\n\n\n\n<p>Le BTS comporte des <strong>mati\u00e8res g\u00e9n\u00e9rales<\/strong>, <strong>communes <\/strong>\u00e0 tous les autres BTS tertiaires (CI, MCO, TL, TC&#8230;) :<\/p>\n\n\n\n<figure class=\"wp-block-gallery columns-2 is-cropped wp-block-gallery-1 is-layout-flex wp-block-gallery-is-layout-flex\"><ul class=\"blocks-gallery-grid\"><li class=\"blocks-gallery-item\"><figure><img loading=\"lazy\" decoding=\"async\" width=\"1024\" height=\"704\" src=\"http:\/\/localhost\/wordpress\/wp-content\/uploads\/2020\/10\/Enseignements-generaux-1024x704.png\" alt=\"\" data-id=\"128\" data-full-url=\"http:\/\/localhost\/wordpress\/wp-content\/uploads\/2020\/10\/Enseignements-generaux.png\" data-link=\"http:\/\/localhost\/wordpress\/enseignements-generaux\/\" class=\"wp-image-128\" srcset=\"https:\/\/www.bts-ndrc-perrier.fr\/wp-content\/uploads\/2020\/10\/Enseignements-generaux-1024x704.png 1024w, https:\/\/www.bts-ndrc-perrier.fr\/wp-content\/uploads\/2020\/10\/Enseignements-generaux-300x206.png 300w, https:\/\/www.bts-ndrc-perrier.fr\/wp-content\/uploads\/2020\/10\/Enseignements-generaux-768x528.png 768w, https:\/\/www.bts-ndrc-perrier.fr\/wp-content\/uploads\/2020\/10\/Enseignements-generaux-1536x1057.png 1536w, https:\/\/www.bts-ndrc-perrier.fr\/wp-content\/uploads\/2020\/10\/Enseignements-generaux.png 1993w\" sizes=\"(max-width: 1024px) 100vw, 1024px\" \/><\/figure><\/li><li class=\"blocks-gallery-item\"><figure><img loading=\"lazy\" decoding=\"async\" width=\"1024\" height=\"688\" src=\"http:\/\/localhost\/wordpress\/wp-content\/uploads\/2020\/10\/Enseignements-professionnels-1024x688.png\" alt=\"\" data-id=\"129\" data-full-url=\"http:\/\/localhost\/wordpress\/wp-content\/uploads\/2020\/10\/Enseignements-professionnels.png\" data-link=\"http:\/\/localhost\/wordpress\/enseignements-professionnels\/\" class=\"wp-image-129\" srcset=\"https:\/\/www.bts-ndrc-perrier.fr\/wp-content\/uploads\/2020\/10\/Enseignements-professionnels-1024x688.png 1024w, https:\/\/www.bts-ndrc-perrier.fr\/wp-content\/uploads\/2020\/10\/Enseignements-professionnels-300x202.png 300w, https:\/\/www.bts-ndrc-perrier.fr\/wp-content\/uploads\/2020\/10\/Enseignements-professionnels-768x516.png 768w, https:\/\/www.bts-ndrc-perrier.fr\/wp-content\/uploads\/2020\/10\/Enseignements-professionnels-1536x1032.png 1536w, https:\/\/www.bts-ndrc-perrier.fr\/wp-content\/uploads\/2020\/10\/Enseignements-professionnels-2048x1376.png 2048w\" sizes=\"(max-width: 1024px) 100vw, 1024px\" \/><\/figure><\/li><\/ul><\/figure>\n\n\n\n<p class=\"has-text-align-center has-small-font-size\"><em>Pour plus de d\u00e9tails sur les enseignements g\u00e9n\u00e9raux et les enseignements professionnels, c&rsquo;est<\/em> <a href=\"http:\/\/bts-ndrc-perrier.fr\/?page_id=251\" target=\"_blank\" rel=\"noreferrer noopener\">ici<\/a><\/p>\n\n\n\n<h2 class=\"has-vivid-cyan-blue-color has-text-color wp-block-heading\"><strong>L&rsquo;examen<\/strong><\/h2>\n\n\n\n<p><a href=\"http:\/\/bts-ndrc-perrier.fr\/?page_id=49\">&gt;&gt;<\/a><\/p>\n\n\n\n<h2 class=\"has-vivid-cyan-blue-color has-text-color wp-block-heading\"><strong>Les stages<\/strong><\/h2>\n\n\n\n<p><a href=\"http:\/\/bts-ndrc-perrier.fr\/?page_id=137\">&gt;&gt;<\/a><\/p>\n\n\n\n<h2 class=\"has-vivid-cyan-blue-color has-text-color wp-block-heading\"><strong>Les d\u00e9bouch\u00e9s<\/strong><\/h2>\n\n\n\n<p><a href=\"http:\/\/bts-ndrc-perrier.fr\/?page_id=139\">&gt;&gt;<\/a><\/p>\n\n\n\n<p><\/p>\n\n\n\n<p><\/p>\n\n\n\n<p class=\"has-text-align-center has-medium-font-size\">Revenir \u00e0 la pr\u00e9sentation du <a href=\"http:\/\/bts-ndrc-perrier.fr\/?page_id=45\">BTS NDRC<\/a><\/p>\n","protected":false},"excerpt":{"rendered":"<p>Les mati\u00e8res Le BTS comporte des mati\u00e8res g\u00e9n\u00e9rales, communes \u00e0 tous les autres BTS tertiaires (CI, MCO, TL, TC&#8230;) : Pour plus de d\u00e9tails sur les enseignements g\u00e9n\u00e9raux et les enseignements professionnels, c&rsquo;est ici L&rsquo;examen &gt;&gt; Les stages &gt;&gt; Les d\u00e9bouch\u00e9s &gt;&gt; Revenir \u00e0 la pr\u00e9sentation du BTS NDRC<\/p>\n","protected":false},"author":1,"featured_media":0,"parent":0,"menu_order":0,"comment_status":"closed","ping_status":"closed","template":"","meta":{"saved_in_kubio":false,"_uag_custom_page_level_css":"","footnotes":""},"class_list":["post-47","page","type-page","status-publish","hentry"],"kubio_ai_page_context":{"short_desc":"","purpose":"general"},"yoast_head":"<!-- This site is optimized with the Yoast SEO plugin v23.9 - https:\/\/yoast.com\/wordpress\/plugins\/seo\/ -->\n<title>Les mati\u00e8res - BTS NDRC Edmond Perrier Tulle<\/title>\n<meta name=\"robots\" content=\"noindex, follow, max-snippet:-1, max-image-preview:large, max-video-preview:-1\" \/>\n<meta property=\"og:locale\" content=\"fr_FR\" \/>\n<meta property=\"og:type\" content=\"article\" \/>\n<meta property=\"og:title\" content=\"Les mati\u00e8res - BTS NDRC Edmond Perrier Tulle\" \/>\n<meta property=\"og:description\" content=\"Les mati\u00e8res Le BTS comporte des mati\u00e8res g\u00e9n\u00e9rales, communes \u00e0 tous les autres BTS tertiaires (CI, MCO, TL, TC&#8230;) : Pour plus de d\u00e9tails sur les enseignements g\u00e9n\u00e9raux et les enseignements professionnels, c&rsquo;est ici L&rsquo;examen &gt;&gt; Les stages &gt;&gt; Les d\u00e9bouch\u00e9s &gt;&gt; Revenir \u00e0 la pr\u00e9sentation du BTS NDRC\" \/>\n<meta property=\"og:url\" content=\"https:\/\/www.bts-ndrc-perrier.fr\/?page_id=47\" \/>\n<meta property=\"og:site_name\" content=\"BTS NDRC Edmond Perrier Tulle\" \/>\n<meta property=\"article:modified_time\" content=\"2020-12-16T15:26:21+00:00\" \/>\n<meta property=\"og:image\" content=\"http:\/\/localhost\/wordpress\/wp-content\/uploads\/2020\/10\/Enseignements-generaux-1024x704.png\" \/>\n<meta name=\"twitter:card\" content=\"summary_large_image\" \/>\n<script type=\"application\/ld+json\" class=\"yoast-schema-graph\">{\"@context\":\"https:\/\/schema.org\",\"@graph\":[{\"@type\":\"WebPage\",\"@id\":\"https:\/\/www.bts-ndrc-perrier.fr\/?page_id=47\",\"url\":\"https:\/\/www.bts-ndrc-perrier.fr\/?page_id=47\",\"name\":\"Les mati\u00e8res - BTS NDRC Edmond Perrier Tulle\",\"isPartOf\":{\"@id\":\"https:\/\/www.bts-ndrc-perrier.fr\/#website\"},\"primaryImageOfPage\":{\"@id\":\"https:\/\/www.bts-ndrc-perrier.fr\/?page_id=47#primaryimage\"},\"image\":{\"@id\":\"https:\/\/www.bts-ndrc-perrier.fr\/?page_id=47#primaryimage\"},\"thumbnailUrl\":\"http:\/\/localhost\/wordpress\/wp-content\/uploads\/2020\/10\/Enseignements-generaux-1024x704.png\",\"datePublished\":\"2020-10-17T13:52:16+00:00\",\"dateModified\":\"2020-12-16T15:26:21+00:00\",\"breadcrumb\":{\"@id\":\"https:\/\/www.bts-ndrc-perrier.fr\/?page_id=47#breadcrumb\"},\"inLanguage\":\"fr-FR\",\"potentialAction\":[{\"@type\":\"ReadAction\",\"target\":[\"https:\/\/www.bts-ndrc-perrier.fr\/?page_id=47\"]}]},{\"@type\":\"ImageObject\",\"inLanguage\":\"fr-FR\",\"@id\":\"https:\/\/www.bts-ndrc-perrier.fr\/?page_id=47#primaryimage\",\"url\":\"http:\/\/localhost\/wordpress\/wp-content\/uploads\/2020\/10\/Enseignements-generaux-1024x704.png\",\"contentUrl\":\"http:\/\/localhost\/wordpress\/wp-content\/uploads\/2020\/10\/Enseignements-generaux-1024x704.png\"},{\"@type\":\"BreadcrumbList\",\"@id\":\"https:\/\/www.bts-ndrc-perrier.fr\/?page_id=47#breadcrumb\",\"itemListElement\":[{\"@type\":\"ListItem\",\"position\":1,\"name\":\"Accueil\",\"item\":\"https:\/\/www.bts-ndrc-perrier.fr\/\"},{\"@type\":\"ListItem\",\"position\":2,\"name\":\"Les mati\u00e8res\"}]},{\"@type\":\"WebSite\",\"@id\":\"https:\/\/www.bts-ndrc-perrier.fr\/#website\",\"url\":\"https:\/\/www.bts-ndrc-perrier.fr\/\",\"name\":\"BTS NDRC Edmond Perrier Tulle\",\"description\":\"N\u00e9gociation et Digitalisation de la Relation Client\",\"publisher\":{\"@id\":\"https:\/\/www.bts-ndrc-perrier.fr\/#organization\"},\"potentialAction\":[{\"@type\":\"SearchAction\",\"target\":{\"@type\":\"EntryPoint\",\"urlTemplate\":\"https:\/\/www.bts-ndrc-perrier.fr\/?s={search_term_string}\"},\"query-input\":{\"@type\":\"PropertyValueSpecification\",\"valueRequired\":true,\"valueName\":\"search_term_string\"}}],\"inLanguage\":\"fr-FR\"},{\"@type\":\"Organization\",\"@id\":\"https:\/\/www.bts-ndrc-perrier.fr\/#organization\",\"name\":\"BTS NDRC Edmond Perrier Tulle\",\"url\":\"https:\/\/www.bts-ndrc-perrier.fr\/\",\"logo\":{\"@type\":\"ImageObject\",\"inLanguage\":\"fr-FR\",\"@id\":\"https:\/\/www.bts-ndrc-perrier.fr\/#\/schema\/logo\/image\/\",\"url\":\"https:\/\/www.bts-ndrc-perrier.fr\/wp-content\/uploads\/2024\/12\/cropped-Nouvelle-aquitaine-et-acad-limoges.png\",\"contentUrl\":\"https:\/\/www.bts-ndrc-perrier.fr\/wp-content\/uploads\/2024\/12\/cropped-Nouvelle-aquitaine-et-acad-limoges.png\",\"width\":466,\"height\":250,\"caption\":\"BTS NDRC  Edmond Perrier Tulle\"},\"image\":{\"@id\":\"https:\/\/www.bts-ndrc-perrier.fr\/#\/schema\/logo\/image\/\"}}]}<\/script>\n<!-- \/ Yoast SEO plugin. -->","yoast_head_json":{"title":"Les mati\u00e8res - BTS NDRC Edmond Perrier Tulle","robots":{"index":"noindex","follow":"follow","max-snippet":"max-snippet:-1","max-image-preview":"max-image-preview:large","max-video-preview":"max-video-preview:-1"},"og_locale":"fr_FR","og_type":"article","og_title":"Les mati\u00e8res - BTS NDRC Edmond Perrier Tulle","og_description":"Les mati\u00e8res Le BTS comporte des mati\u00e8res g\u00e9n\u00e9rales, communes \u00e0 tous les autres BTS tertiaires (CI, MCO, TL, TC&#8230;) : Pour plus de d\u00e9tails sur les enseignements g\u00e9n\u00e9raux et les enseignements professionnels, c&rsquo;est ici L&rsquo;examen &gt;&gt; Les stages &gt;&gt; Les d\u00e9bouch\u00e9s &gt;&gt; Revenir \u00e0 la pr\u00e9sentation du BTS NDRC","og_url":"https:\/\/www.bts-ndrc-perrier.fr\/?page_id=47","og_site_name":"BTS NDRC Edmond Perrier Tulle","article_modified_time":"2020-12-16T15:26:21+00:00","og_image":[{"url":"http:\/\/localhost\/wordpress\/wp-content\/uploads\/2020\/10\/Enseignements-generaux-1024x704.png"}],"twitter_card":"summary_large_image","schema":{"@context":"https:\/\/schema.org","@graph":[{"@type":"WebPage","@id":"https:\/\/www.bts-ndrc-perrier.fr\/?page_id=47","url":"https:\/\/www.bts-ndrc-perrier.fr\/?page_id=47","name":"Les mati\u00e8res - BTS NDRC Edmond Perrier Tulle","isPartOf":{"@id":"https:\/\/www.bts-ndrc-perrier.fr\/#website"},"primaryImageOfPage":{"@id":"https:\/\/www.bts-ndrc-perrier.fr\/?page_id=47#primaryimage"},"image":{"@id":"https:\/\/www.bts-ndrc-perrier.fr\/?page_id=47#primaryimage"},"thumbnailUrl":"http:\/\/localhost\/wordpress\/wp-content\/uploads\/2020\/10\/Enseignements-generaux-1024x704.png","datePublished":"2020-10-17T13:52:16+00:00","dateModified":"2020-12-16T15:26:21+00:00","breadcrumb":{"@id":"https:\/\/www.bts-ndrc-perrier.fr\/?page_id=47#breadcrumb"},"inLanguage":"fr-FR","potentialAction":[{"@type":"ReadAction","target":["https:\/\/www.bts-ndrc-perrier.fr\/?page_id=47"]}]},{"@type":"ImageObject","inLanguage":"fr-FR","@id":"https:\/\/www.bts-ndrc-perrier.fr\/?page_id=47#primaryimage","url":"http:\/\/localhost\/wordpress\/wp-content\/uploads\/2020\/10\/Enseignements-generaux-1024x704.png","contentUrl":"http:\/\/localhost\/wordpress\/wp-content\/uploads\/2020\/10\/Enseignements-generaux-1024x704.png"},{"@type":"BreadcrumbList","@id":"https:\/\/www.bts-ndrc-perrier.fr\/?page_id=47#breadcrumb","itemListElement":[{"@type":"ListItem","position":1,"name":"Accueil","item":"https:\/\/www.bts-ndrc-perrier.fr\/"},{"@type":"ListItem","position":2,"name":"Les mati\u00e8res"}]},{"@type":"WebSite","@id":"https:\/\/www.bts-ndrc-perrier.fr\/#website","url":"https:\/\/www.bts-ndrc-perrier.fr\/","name":"BTS NDRC Edmond Perrier Tulle","description":"N\u00e9gociation et Digitalisation de la Relation Client","publisher":{"@id":"https:\/\/www.bts-ndrc-perrier.fr\/#organization"},"potentialAction":[{"@type":"SearchAction","target":{"@type":"EntryPoint","urlTemplate":"https:\/\/www.bts-ndrc-perrier.fr\/?s={search_term_string}"},"query-input":{"@type":"PropertyValueSpecification","valueRequired":true,"valueName":"search_term_string"}}],"inLanguage":"fr-FR"},{"@type":"Organization","@id":"https:\/\/www.bts-ndrc-perrier.fr\/#organization","name":"BTS NDRC Edmond Perrier Tulle","url":"https:\/\/www.bts-ndrc-perrier.fr\/","logo":{"@type":"ImageObject","inLanguage":"fr-FR","@id":"https:\/\/www.bts-ndrc-perrier.fr\/#\/schema\/logo\/image\/","url":"https:\/\/www.bts-ndrc-perrier.fr\/wp-content\/uploads\/2024\/12\/cropped-Nouvelle-aquitaine-et-acad-limoges.png","contentUrl":"https:\/\/www.bts-ndrc-perrier.fr\/wp-content\/uploads\/2024\/12\/cropped-Nouvelle-aquitaine-et-acad-limoges.png","width":466,"height":250,"caption":"BTS NDRC  Edmond Perrier Tulle"},"image":{"@id":"https:\/\/www.bts-ndrc-perrier.fr\/#\/schema\/logo\/image\/"}}]}},"uagb_featured_image_src":{"full":false,"thumbnail":false,"medium":false,"medium_large":false,"large":false,"1536x1536":false,"2048x2048":false,"kubio-fullhd":false},"uagb_author_info":{"display_name":"admin","author_link":"https:\/\/www.bts-ndrc-perrier.fr\/?author=1"},"uagb_comment_info":0,"uagb_excerpt":"Les mati\u00e8res Le BTS comporte des mati\u00e8res g\u00e9n\u00e9rales, communes \u00e0 tous les autres BTS tertiaires (CI, MCO, TL, TC&#8230;) : Pour plus de d\u00e9tails sur les enseignements g\u00e9n\u00e9raux et les enseignements professionnels, c&rsquo;est ici L&rsquo;examen &gt;&gt; Les stages &gt;&gt; Les d\u00e9bouch\u00e9s &gt;&gt; Revenir \u00e0 la pr\u00e9sentation du BTS NDRC","_links":{"self":[{"href":"https:\/\/www.bts-ndrc-perrier.fr\/index.php?rest_route=\/wp\/v2\/pages\/47","targetHints":{"allow":["GET"]}}],"collection":[{"href":"https:\/\/www.bts-ndrc-perrier.fr\/index.php?rest_route=\/wp\/v2\/pages"}],"about":[{"href":"https:\/\/www.bts-ndrc-perrier.fr\/index.php?rest_route=\/wp\/v2\/types\/page"}],"author":[{"embeddable":true,"href":"https:\/\/www.bts-ndrc-perrier.fr\/index.php?rest_route=\/wp\/v2\/users\/1"}],"replies":[{"embeddable":true,"href":"https:\/\/www.bts-ndrc-perrier.fr\/index.php?rest_route=%2Fwp%2Fv2%2Fcomments&post=47"}],"version-history":[{"count":9,"href":"https:\/\/www.bts-ndrc-perrier.fr\/index.php?rest_route=\/wp\/v2\/pages\/47\/revisions"}],"predecessor-version":[{"id":346,"href":"https:\/\/www.bts-ndrc-perrier.fr\/index.php?rest_route=\/wp\/v2\/pages\/47\/revisions\/346"}],"wp:attachment":[{"href":"https:\/\/www.bts-ndrc-perrier.fr\/index.php?rest_route=%2Fwp%2Fv2%2Fmedia&parent=47"}],"curies":[{"name":"wp","href":"https:\/\/api.w.org\/{rel}","templated":true}]}}