{"id":58,"date":"2020-10-17T15:58:36","date_gmt":"2020-10-17T13:58:36","guid":{"rendered":"http:\/\/localhost\/wordpress\/?page_id=58"},"modified":"2020-12-16T16:46:09","modified_gmt":"2020-12-16T15:46:09","slug":"postuler","status":"publish","type":"page","link":"https:\/\/www.bts-ndrc-perrier.fr\/?page_id=58","title":{"rendered":"Postuler"},"content":{"rendered":"\n<h2 class=\"has-vivid-cyan-blue-color has-text-color wp-block-heading\"><strong>Proc\u00e9dure<\/strong><\/h2>\n\n\n\n<p>La seule fa\u00e7on de pr\u00e9senter sa candidature : <strong>s&rsquo;inscrire sur <a href=\"https:\/\/www.parcoursup.fr\/\" target=\"_blank\" rel=\"noreferrer noopener\">Parcoursup<\/a><\/strong>, plateforme incontournable pour postuler.<\/p>\n\n\n\n<p>Calendrier Parcoursup :<\/p>\n\n\n\n<p class=\"has-text-align-center\"><strong>Ouverture <\/strong>aux visiteurs : le <em><strong>21 d\u00e9cembre 2020<\/strong><\/em><\/p>\n\n\n\n<p class=\"has-text-align-center\"><strong>Inscriptions <\/strong>pour constituer son dossier et formuler des v\u0153ux :<br>le <em><strong>20 janvier 2021<\/strong><\/em><\/p>\n\n\n\n<p class=\"has-text-align-center\"><strong>Formulation <\/strong>des v\u0153ux :<strong><em> jusqu&rsquo;au 11 mars 2021<\/em><\/strong><\/p>\n\n\n\n<p class=\"has-text-align-center\">Constitution du <strong>dossier <\/strong>: <strong><em>jusqu&rsquo;au 8 avril 2021<\/em><\/strong><\/p>\n\n\n\n<p class=\"has-text-align-center\"><strong>Premi\u00e8res r\u00e9ponses<\/strong> : le <strong><em>27 mai 2021<\/em><\/strong><br>puis <strong>toutes les semaines<\/strong><\/p>\n\n\n\n<p class=\"has-text-align-center\"><strong>Fin <\/strong>de la phase principale : <strong><em>le 16 juillet 2021<\/em><\/strong><\/p>\n\n\n\n<p><\/p>\n\n\n\n<p>Vous pouvez aussi candidater de fa\u00e7on <strong>spontan\u00e9e <\/strong>aupr\u00e8s du lyc\u00e9e lorsque la Plateforme Parcoursup est ferm\u00e9e. En revanche, la prise en compte de la candidature <strong>d\u00e9pendra des places disponibles<\/strong> dans la formation.<\/p>\n\n\n\n<p><\/p>\n\n\n\n<p class=\"has-text-align-center has-vivid-red-color has-text-color\" style=\"font-size:22px\"><em>Pour des informations plus pr\u00e9cises, ou nous rencontrer, n&rsquo;h\u00e9sitez pas \u00e0 nous <a href=\"http:\/\/bts-ndrc-perrier.fr\/?page_id=10\">contacter<\/a><\/em> ou \u00e0 venir nous <a href=\"http:\/\/bts-ndrc-perrier.fr\/?page_id=60\">rencontrer<\/a><\/p>\n\n\n\n<p><\/p>\n\n\n\n<p><strong>Conditions d&rsquo;admission<\/strong><\/p>\n\n\n\n<p>La commission de recrutement du BTS NDRC \u00e9tudie le <strong>dossier des candidats<\/strong>, plusieurs pi\u00e8ces sont \u00e9tudi\u00e9es :<\/p>\n\n\n\n<p> &#8211;  la <strong>fiche avenir<\/strong> : les <strong>notes<\/strong>, les <strong>appr\u00e9ciations <\/strong>des professeurs, l&rsquo;appr\u00e9ciation du conseil de classe, le <strong>rang <\/strong>du candidat dans la classe<\/p>\n\n\n\n<p> &#8211;  les <strong>bulletins <\/strong>de terminale, et si besoins de premi\u00e8re : les <strong>appr\u00e9ciations <\/strong>en particulier (un <strong>malus <\/strong>est appliqu\u00e9 sur les remarques n\u00e9gatives telles que des bavardages, un comportement inadapt\u00e9 en classe, mais aussi de l&rsquo;absent\u00e9isme)<\/p>\n\n\n\n<p> &#8211;  la <strong>lettre de motivation<\/strong> : pour comprendre le parcours du candidat mais aussi le projet professionnel envisag\u00e9<\/p>\n\n\n\n<p>L&rsquo;\u00e9tude de ces \u00e9l\u00e9ments donne une <strong>note <\/strong>\u00e0 chaque candidat, permettant de <strong>classer <\/strong>les dossiers.<\/p>\n\n\n\n<h2 class=\"has-vivid-cyan-blue-color has-text-color wp-block-heading\"><strong>Informations pratiques<\/strong><\/h2>\n\n\n\n<p>Si vous \u00eates particuli\u00e8rement int\u00e9ress\u00e9s par le BTS, n&rsquo;h\u00e9sitez pas \u00e0 <strong>nous contacter<\/strong> pour nous <strong>rencontrer <\/strong>et poser toutes les questions n\u00e9cessaires.<\/p>\n\n\n\n<p>Pour trouver un logement sur Tulle, l&rsquo;organisme <a href=\"https:\/\/www.correzehabitat.fr\/\" target=\"_blank\" rel=\"noreferrer noopener\">Corr\u00e8ze habitat<\/a> propose des <strong>appartements <\/strong>pour les \u00e9tudiants de Tulle. N&rsquo;h\u00e9sitez pas \u00e0 les contacter, du covoiturage s&rsquo;organise entre les \u00e9tudiants pour partager les frais et venir au lyc\u00e9e des logements propos\u00e9s.<\/p>\n\n\n\n<h2 class=\"has-vivid-cyan-blue-color has-text-color wp-block-heading\"><strong>Qualit\u00e9s requises<\/strong><\/h2>\n\n\n\n<p>Un \u00e9tudiant de BTS NDRC doit :<\/p>\n\n\n\n<p class=\"has-text-align-center has-vivid-cyan-blue-color has-text-color\"><strong>\u00eatre \u00e0 l&rsquo;aise en communication    \/     assidu     \/     organis\u00e9     \/     volontaire<\/strong><\/p>\n\n\n\n<p class=\"has-text-align-center has-vivid-red-color has-text-color\"><strong>motiv\u00e9    \/     cr\u00e9atif     \/     dynamique<\/strong><\/p>\n","protected":false},"excerpt":{"rendered":"<p>Proc\u00e9dure La seule fa\u00e7on de pr\u00e9senter sa candidature : s&rsquo;inscrire sur Parcoursup, plateforme incontournable pour postuler. Calendrier Parcoursup : Ouverture aux visiteurs : le 21 d\u00e9cembre 2020 Inscriptions pour constituer son dossier et formuler des v\u0153ux :le 20 janvier 2021 Formulation des v\u0153ux : jusqu&rsquo;au 11 mars 2021 Constitution du dossier : jusqu&rsquo;au 8 avril [&hellip;]<\/p>\n","protected":false},"author":1,"featured_media":0,"parent":0,"menu_order":0,"comment_status":"closed","ping_status":"closed","template":"","meta":{"saved_in_kubio":false,"_uag_custom_page_level_css":"","footnotes":""},"class_list":["post-58","page","type-page","status-publish","hentry"],"kubio_ai_page_context":{"short_desc":"","purpose":"general"},"yoast_head":"<!-- This site is optimized with the Yoast SEO plugin v23.9 - https:\/\/yoast.com\/wordpress\/plugins\/seo\/ -->\n<title>Postuler - BTS NDRC Edmond Perrier Tulle<\/title>\n<meta name=\"robots\" content=\"noindex, follow, max-snippet:-1, max-image-preview:large, max-video-preview:-1\" \/>\n<meta property=\"og:locale\" content=\"fr_FR\" \/>\n<meta property=\"og:type\" content=\"article\" \/>\n<meta property=\"og:title\" content=\"Postuler - BTS NDRC Edmond Perrier Tulle\" \/>\n<meta property=\"og:description\" content=\"Proc\u00e9dure La seule fa\u00e7on de pr\u00e9senter sa candidature : s&rsquo;inscrire sur Parcoursup, plateforme incontournable pour postuler. Calendrier Parcoursup : Ouverture aux visiteurs : le 21 d\u00e9cembre 2020 Inscriptions pour constituer son dossier et formuler des v\u0153ux :le 20 janvier 2021 Formulation des v\u0153ux : jusqu&rsquo;au 11 mars 2021 Constitution du dossier : jusqu&rsquo;au 8 avril [&hellip;]\" \/>\n<meta property=\"og:url\" content=\"https:\/\/www.bts-ndrc-perrier.fr\/?page_id=58\" \/>\n<meta property=\"og:site_name\" content=\"BTS NDRC Edmond Perrier Tulle\" \/>\n<meta property=\"article:modified_time\" content=\"2020-12-16T15:46:09+00:00\" \/>\n<meta name=\"twitter:card\" content=\"summary_large_image\" \/>\n<meta name=\"twitter:label1\" content=\"Dur\u00e9e de lecture estim\u00e9e\" \/>\n\t<meta name=\"twitter:data1\" content=\"2 minutes\" \/>\n<script type=\"application\/ld+json\" class=\"yoast-schema-graph\">{\"@context\":\"https:\/\/schema.org\",\"@graph\":[{\"@type\":\"WebPage\",\"@id\":\"https:\/\/www.bts-ndrc-perrier.fr\/?page_id=58\",\"url\":\"https:\/\/www.bts-ndrc-perrier.fr\/?page_id=58\",\"name\":\"Postuler - BTS NDRC Edmond Perrier Tulle\",\"isPartOf\":{\"@id\":\"https:\/\/www.bts-ndrc-perrier.fr\/#website\"},\"datePublished\":\"2020-10-17T13:58:36+00:00\",\"dateModified\":\"2020-12-16T15:46:09+00:00\",\"breadcrumb\":{\"@id\":\"https:\/\/www.bts-ndrc-perrier.fr\/?page_id=58#breadcrumb\"},\"inLanguage\":\"fr-FR\",\"potentialAction\":[{\"@type\":\"ReadAction\",\"target\":[\"https:\/\/www.bts-ndrc-perrier.fr\/?page_id=58\"]}]},{\"@type\":\"BreadcrumbList\",\"@id\":\"https:\/\/www.bts-ndrc-perrier.fr\/?page_id=58#breadcrumb\",\"itemListElement\":[{\"@type\":\"ListItem\",\"position\":1,\"name\":\"Accueil\",\"item\":\"https:\/\/www.bts-ndrc-perrier.fr\/\"},{\"@type\":\"ListItem\",\"position\":2,\"name\":\"Postuler\"}]},{\"@type\":\"WebSite\",\"@id\":\"https:\/\/www.bts-ndrc-perrier.fr\/#website\",\"url\":\"https:\/\/www.bts-ndrc-perrier.fr\/\",\"name\":\"BTS NDRC Edmond Perrier Tulle\",\"description\":\"N\u00e9gociation et Digitalisation de la Relation Client\",\"publisher\":{\"@id\":\"https:\/\/www.bts-ndrc-perrier.fr\/#organization\"},\"potentialAction\":[{\"@type\":\"SearchAction\",\"target\":{\"@type\":\"EntryPoint\",\"urlTemplate\":\"https:\/\/www.bts-ndrc-perrier.fr\/?s={search_term_string}\"},\"query-input\":{\"@type\":\"PropertyValueSpecification\",\"valueRequired\":true,\"valueName\":\"search_term_string\"}}],\"inLanguage\":\"fr-FR\"},{\"@type\":\"Organization\",\"@id\":\"https:\/\/www.bts-ndrc-perrier.fr\/#organization\",\"name\":\"BTS NDRC Edmond Perrier Tulle\",\"url\":\"https:\/\/www.bts-ndrc-perrier.fr\/\",\"logo\":{\"@type\":\"ImageObject\",\"inLanguage\":\"fr-FR\",\"@id\":\"https:\/\/www.bts-ndrc-perrier.fr\/#\/schema\/logo\/image\/\",\"url\":\"https:\/\/www.bts-ndrc-perrier.fr\/wp-content\/uploads\/2024\/12\/cropped-Nouvelle-aquitaine-et-acad-limoges.png\",\"contentUrl\":\"https:\/\/www.bts-ndrc-perrier.fr\/wp-content\/uploads\/2024\/12\/cropped-Nouvelle-aquitaine-et-acad-limoges.png\",\"width\":466,\"height\":250,\"caption\":\"BTS NDRC  Edmond Perrier Tulle\"},\"image\":{\"@id\":\"https:\/\/www.bts-ndrc-perrier.fr\/#\/schema\/logo\/image\/\"}}]}<\/script>\n<!-- \/ Yoast SEO plugin. -->","yoast_head_json":{"title":"Postuler - BTS NDRC Edmond Perrier Tulle","robots":{"index":"noindex","follow":"follow","max-snippet":"max-snippet:-1","max-image-preview":"max-image-preview:large","max-video-preview":"max-video-preview:-1"},"og_locale":"fr_FR","og_type":"article","og_title":"Postuler - BTS NDRC Edmond Perrier Tulle","og_description":"Proc\u00e9dure La seule fa\u00e7on de pr\u00e9senter sa candidature : s&rsquo;inscrire sur Parcoursup, plateforme incontournable pour postuler. Calendrier Parcoursup : Ouverture aux visiteurs : le 21 d\u00e9cembre 2020 Inscriptions pour constituer son dossier et formuler des v\u0153ux :le 20 janvier 2021 Formulation des v\u0153ux : jusqu&rsquo;au 11 mars 2021 Constitution du dossier : jusqu&rsquo;au 8 avril [&hellip;]","og_url":"https:\/\/www.bts-ndrc-perrier.fr\/?page_id=58","og_site_name":"BTS NDRC Edmond Perrier Tulle","article_modified_time":"2020-12-16T15:46:09+00:00","twitter_card":"summary_large_image","twitter_misc":{"Dur\u00e9e de lecture estim\u00e9e":"2 minutes"},"schema":{"@context":"https:\/\/schema.org","@graph":[{"@type":"WebPage","@id":"https:\/\/www.bts-ndrc-perrier.fr\/?page_id=58","url":"https:\/\/www.bts-ndrc-perrier.fr\/?page_id=58","name":"Postuler - BTS NDRC Edmond Perrier Tulle","isPartOf":{"@id":"https:\/\/www.bts-ndrc-perrier.fr\/#website"},"datePublished":"2020-10-17T13:58:36+00:00","dateModified":"2020-12-16T15:46:09+00:00","breadcrumb":{"@id":"https:\/\/www.bts-ndrc-perrier.fr\/?page_id=58#breadcrumb"},"inLanguage":"fr-FR","potentialAction":[{"@type":"ReadAction","target":["https:\/\/www.bts-ndrc-perrier.fr\/?page_id=58"]}]},{"@type":"BreadcrumbList","@id":"https:\/\/www.bts-ndrc-perrier.fr\/?page_id=58#breadcrumb","itemListElement":[{"@type":"ListItem","position":1,"name":"Accueil","item":"https:\/\/www.bts-ndrc-perrier.fr\/"},{"@type":"ListItem","position":2,"name":"Postuler"}]},{"@type":"WebSite","@id":"https:\/\/www.bts-ndrc-perrier.fr\/#website","url":"https:\/\/www.bts-ndrc-perrier.fr\/","name":"BTS NDRC Edmond Perrier Tulle","description":"N\u00e9gociation et Digitalisation de la Relation Client","publisher":{"@id":"https:\/\/www.bts-ndrc-perrier.fr\/#organization"},"potentialAction":[{"@type":"SearchAction","target":{"@type":"EntryPoint","urlTemplate":"https:\/\/www.bts-ndrc-perrier.fr\/?s={search_term_string}"},"query-input":{"@type":"PropertyValueSpecification","valueRequired":true,"valueName":"search_term_string"}}],"inLanguage":"fr-FR"},{"@type":"Organization","@id":"https:\/\/www.bts-ndrc-perrier.fr\/#organization","name":"BTS NDRC Edmond Perrier Tulle","url":"https:\/\/www.bts-ndrc-perrier.fr\/","logo":{"@type":"ImageObject","inLanguage":"fr-FR","@id":"https:\/\/www.bts-ndrc-perrier.fr\/#\/schema\/logo\/image\/","url":"https:\/\/www.bts-ndrc-perrier.fr\/wp-content\/uploads\/2024\/12\/cropped-Nouvelle-aquitaine-et-acad-limoges.png","contentUrl":"https:\/\/www.bts-ndrc-perrier.fr\/wp-content\/uploads\/2024\/12\/cropped-Nouvelle-aquitaine-et-acad-limoges.png","width":466,"height":250,"caption":"BTS NDRC  Edmond Perrier Tulle"},"image":{"@id":"https:\/\/www.bts-ndrc-perrier.fr\/#\/schema\/logo\/image\/"}}]}},"uagb_featured_image_src":{"full":false,"thumbnail":false,"medium":false,"medium_large":false,"large":false,"1536x1536":false,"2048x2048":false,"kubio-fullhd":false},"uagb_author_info":{"display_name":"admin","author_link":"https:\/\/www.bts-ndrc-perrier.fr\/?author=1"},"uagb_comment_info":0,"uagb_excerpt":"Proc\u00e9dure La seule fa\u00e7on de pr\u00e9senter sa candidature : s&rsquo;inscrire sur Parcoursup, plateforme incontournable pour postuler. Calendrier Parcoursup : Ouverture aux visiteurs : le 21 d\u00e9cembre 2020 Inscriptions pour constituer son dossier et formuler des v\u0153ux :le 20 janvier 2021 Formulation des v\u0153ux : jusqu&rsquo;au 11 mars 2021 Constitution du dossier : jusqu&rsquo;au 8 avril\u2026","_links":{"self":[{"href":"https:\/\/www.bts-ndrc-perrier.fr\/index.php?rest_route=\/wp\/v2\/pages\/58","targetHints":{"allow":["GET"]}}],"collection":[{"href":"https:\/\/www.bts-ndrc-perrier.fr\/index.php?rest_route=\/wp\/v2\/pages"}],"about":[{"href":"https:\/\/www.bts-ndrc-perrier.fr\/index.php?rest_route=\/wp\/v2\/types\/page"}],"author":[{"embeddable":true,"href":"https:\/\/www.bts-ndrc-perrier.fr\/index.php?rest_route=\/wp\/v2\/users\/1"}],"replies":[{"embeddable":true,"href":"https:\/\/www.bts-ndrc-perrier.fr\/index.php?rest_route=%2Fwp%2Fv2%2Fcomments&post=58"}],"version-history":[{"count":12,"href":"https:\/\/www.bts-ndrc-perrier.fr\/index.php?rest_route=\/wp\/v2\/pages\/58\/revisions"}],"predecessor-version":[{"id":354,"href":"https:\/\/www.bts-ndrc-perrier.fr\/index.php?rest_route=\/wp\/v2\/pages\/58\/revisions\/354"}],"wp:attachment":[{"href":"https:\/\/www.bts-ndrc-perrier.fr\/index.php?rest_route=%2Fwp%2Fv2%2Fmedia&parent=58"}],"curies":[{"name":"wp","href":"https:\/\/api.w.org\/{rel}","templated":true}]}}