{"id":60,"date":"2020-10-17T15:59:26","date_gmt":"2020-10-17T13:59:26","guid":{"rendered":"http:\/\/localhost\/wordpress\/?page_id=60"},"modified":"2020-11-21T12:53:52","modified_gmt":"2020-11-21T11:53:52","slug":"nous-rencontrer","status":"publish","type":"page","link":"https:\/\/www.bts-ndrc-perrier.fr\/?page_id=60","title":{"rendered":"Nous rencontrer"},"content":{"rendered":"\n<p>Vous souhaitez <strong>rencontrer <\/strong>l&rsquo;\u00e9quipe ?<\/p>\n\n\n\n<p>Avoir un <strong>\u00e9change <\/strong>avec les professeurs, ou encore mieux, <strong>avec des \u00e9tudiants<\/strong> du BTS NDRC ?<\/p>\n\n\n\n<p>Vous avez plusieurs possibilit\u00e9s :<\/p>\n\n\n\n<hr class=\"wp-block-separator has-text-color has-background has-vivid-cyan-blue-background-color has-vivid-cyan-blue-color is-style-wide\"\/>\n\n\n\n<h2 class=\"has-vivid-cyan-blue-color has-text-color wp-block-heading\"><strong>Journ\u00e9es portes-ouvertes<\/strong><\/h2>\n\n\n\n<div class=\"wp-block-media-text alignwide has-media-on-the-right is-stacked-on-mobile\" style=\"grid-template-columns:auto 42%\"><figure class=\"wp-block-media-text__media\"><img loading=\"lazy\" decoding=\"async\" width=\"731\" height=\"1024\" src=\"http:\/\/localhost\/wordpress\/wp-content\/uploads\/2020\/10\/affiche-portes-ouvertes-731x1024.png\" alt=\"\" class=\"wp-image-94\" srcset=\"https:\/\/www.bts-ndrc-perrier.fr\/wp-content\/uploads\/2020\/10\/affiche-portes-ouvertes-731x1024.png 731w, https:\/\/www.bts-ndrc-perrier.fr\/wp-content\/uploads\/2020\/10\/affiche-portes-ouvertes-214x300.png 214w, https:\/\/www.bts-ndrc-perrier.fr\/wp-content\/uploads\/2020\/10\/affiche-portes-ouvertes-768x1075.png 768w, https:\/\/www.bts-ndrc-perrier.fr\/wp-content\/uploads\/2020\/10\/affiche-portes-ouvertes-1097x1536.png 1097w, https:\/\/www.bts-ndrc-perrier.fr\/wp-content\/uploads\/2020\/10\/affiche-portes-ouvertes.png 1105w\" sizes=\"(max-width: 731px) 100vw, 731px\" \/><\/figure><div class=\"wp-block-media-text__content\">\n<p class=\"has-normal-font-size\">L&rsquo;\u00e9quipe enseignante et les \u00e9tudiants du BTS NDRC vous accueillent avec plaisir <strong>samedi 27 f\u00e9vrier<\/strong> 2021 au lyc\u00e9e Edmond PERRIER ! <\/p>\n\n\n\n<p><em>L&rsquo;occasion de vous faire conna\u00eetre, et d&rsquo;avoir des informations fiables et concr\u00e8tes !<\/em><\/p>\n\n\n\n<p>Une visite des salles de BTS est aussi possible, en compagnie des 1\u00e8res ann\u00e9es qui parleront bien mieux que leurs professeurs de leurs ressentis !<\/p>\n<\/div><\/div>\n\n\n\n<hr class=\"wp-block-separator has-text-color has-background has-vivid-cyan-blue-background-color has-vivid-cyan-blue-color is-style-wide\"\/>\n\n\n\n<h2 class=\"has-vivid-cyan-blue-color has-text-color wp-block-heading\"><strong>Immersions<\/strong><\/h2>\n\n\n\n<p>Vous avec besoin de vous projeter plus concr\u00e8tement en BTS NDRC ?<\/p>\n\n\n\n<p>Faites la demande aupr\u00e8s du secr\u00e9tariat de votre lyc\u00e9e pour vous <strong>inscrire en immersion<\/strong>.<\/p>\n\n\n\n<p>Nous accueillons tous les volontaires inscrits sur la plateforme CAPSUP en immersions, en fonction des places disponibles (3 \u00e9tudiants par journ\u00e9e d&rsquo;immersion) <\/p>\n\n\n\n<p class=\"has-vivid-red-color has-text-color\"><strong>les mardis<\/strong><\/p>\n\n\n\n<p class=\"has-text-align-right has-vivid-cyan-blue-color has-text-color\"><strong>et les jeudis<\/strong><\/p>\n\n\n\n<p class=\"has-text-align-center\"><strong>entre les mois de janvier et mars<\/strong><\/p>\n\n\n\n<p>pour <strong>vivre une journ\u00e9e dans la peau d&rsquo;un \u00e9tudiant de BTS NDRC<\/strong> !<\/p>\n\n\n\n<p>Rien de mieux pour comprendre le fonctionnement, \u00e9changer avec les 1\u00e8re et 2\u00e8me ann\u00e9es dans leurs propres salles de classe, et pouvoir se projeter plus sereinement dans la formation !<\/p>\n\n\n\n<hr class=\"wp-block-separator has-text-color has-background has-vivid-cyan-blue-background-color has-vivid-cyan-blue-color is-style-wide\"\/>\n\n\n\n<h2 class=\"has-vivid-cyan-blue-color has-text-color wp-block-heading\"><strong>Les forums<\/strong><\/h2>\n\n\n\n<p>Les \u00e9tudiants et professeurs sont disponibles pour \u00e9changer avec vous sur diff\u00e9rents forums :<\/p>\n\n\n\n<div class=\"wp-block-buttons is-layout-flex wp-block-buttons-is-layout-flex\">\n<div class=\"wp-block-button is-style-outline is-style-outline--1\"><a class=\"wp-block-button__link has-vivid-red-color has-text-color\" href=\"https:\/\/www.letudiant.fr\/etudes\/salons\/limoges-forum-post-bac.html\" target=\"_blank\" rel=\"noreferrer noopener\">Le 21 novembre 2020<br>Forum Post-bac de Limoges<\/a><\/div>\n\n\n\n<div class=\"wp-block-button is-style-outline is-style-outline--2\"><a class=\"wp-block-button__link has-vivid-cyan-blue-color has-text-color\">Le 25 f\u00e9vrier 2021<br>Forum du futur \u00e9tudiant de Brive<\/a><\/div>\n<\/div>\n\n\n\n<p><\/p>\n","protected":false},"excerpt":{"rendered":"<p>Vous souhaitez rencontrer l&rsquo;\u00e9quipe ? Avoir un \u00e9change avec les professeurs, ou encore mieux, avec des \u00e9tudiants du BTS NDRC ? Vous avez plusieurs possibilit\u00e9s : Journ\u00e9es portes-ouvertes L&rsquo;\u00e9quipe enseignante et les \u00e9tudiants du BTS NDRC vous accueillent avec plaisir samedi 27 f\u00e9vrier 2021 au lyc\u00e9e Edmond PERRIER ! L&rsquo;occasion de vous faire conna\u00eetre, et [&hellip;]<\/p>\n","protected":false},"author":1,"featured_media":0,"parent":0,"menu_order":0,"comment_status":"closed","ping_status":"closed","template":"","meta":{"saved_in_kubio":false,"_uag_custom_page_level_css":"","footnotes":""},"class_list":["post-60","page","type-page","status-publish","hentry"],"kubio_ai_page_context":{"short_desc":"","purpose":"general"},"yoast_head":"<!-- This site is optimized with the Yoast SEO plugin v23.9 - https:\/\/yoast.com\/wordpress\/plugins\/seo\/ -->\n<title>Nous rencontrer - BTS NDRC Edmond Perrier Tulle<\/title>\n<meta name=\"robots\" content=\"noindex, follow, max-snippet:-1, max-image-preview:large, max-video-preview:-1\" \/>\n<meta property=\"og:locale\" content=\"fr_FR\" \/>\n<meta property=\"og:type\" content=\"article\" \/>\n<meta property=\"og:title\" content=\"Nous rencontrer - BTS NDRC Edmond Perrier Tulle\" \/>\n<meta property=\"og:description\" content=\"Vous souhaitez rencontrer l&rsquo;\u00e9quipe ? Avoir un \u00e9change avec les professeurs, ou encore mieux, avec des \u00e9tudiants du BTS NDRC ? Vous avez plusieurs possibilit\u00e9s : Journ\u00e9es portes-ouvertes L&rsquo;\u00e9quipe enseignante et les \u00e9tudiants du BTS NDRC vous accueillent avec plaisir samedi 27 f\u00e9vrier 2021 au lyc\u00e9e Edmond PERRIER ! L&rsquo;occasion de vous faire conna\u00eetre, et [&hellip;]\" \/>\n<meta property=\"og:url\" content=\"https:\/\/www.bts-ndrc-perrier.fr\/?page_id=60\" \/>\n<meta property=\"og:site_name\" content=\"BTS NDRC Edmond Perrier Tulle\" \/>\n<meta property=\"article:modified_time\" content=\"2020-11-21T11:53:52+00:00\" \/>\n<meta property=\"og:image\" content=\"http:\/\/localhost\/wordpress\/wp-content\/uploads\/2020\/10\/affiche-portes-ouvertes-731x1024.png\" \/>\n<meta name=\"twitter:card\" content=\"summary_large_image\" \/>\n<meta name=\"twitter:label1\" content=\"Dur\u00e9e de lecture estim\u00e9e\" \/>\n\t<meta name=\"twitter:data1\" content=\"1 minute\" \/>\n<script type=\"application\/ld+json\" class=\"yoast-schema-graph\">{\"@context\":\"https:\/\/schema.org\",\"@graph\":[{\"@type\":\"WebPage\",\"@id\":\"https:\/\/www.bts-ndrc-perrier.fr\/?page_id=60\",\"url\":\"https:\/\/www.bts-ndrc-perrier.fr\/?page_id=60\",\"name\":\"Nous rencontrer - BTS NDRC Edmond Perrier Tulle\",\"isPartOf\":{\"@id\":\"https:\/\/www.bts-ndrc-perrier.fr\/#website\"},\"primaryImageOfPage\":{\"@id\":\"https:\/\/www.bts-ndrc-perrier.fr\/?page_id=60#primaryimage\"},\"image\":{\"@id\":\"https:\/\/www.bts-ndrc-perrier.fr\/?page_id=60#primaryimage\"},\"thumbnailUrl\":\"http:\/\/localhost\/wordpress\/wp-content\/uploads\/2020\/10\/affiche-portes-ouvertes-731x1024.png\",\"datePublished\":\"2020-10-17T13:59:26+00:00\",\"dateModified\":\"2020-11-21T11:53:52+00:00\",\"breadcrumb\":{\"@id\":\"https:\/\/www.bts-ndrc-perrier.fr\/?page_id=60#breadcrumb\"},\"inLanguage\":\"fr-FR\",\"potentialAction\":[{\"@type\":\"ReadAction\",\"target\":[\"https:\/\/www.bts-ndrc-perrier.fr\/?page_id=60\"]}]},{\"@type\":\"ImageObject\",\"inLanguage\":\"fr-FR\",\"@id\":\"https:\/\/www.bts-ndrc-perrier.fr\/?page_id=60#primaryimage\",\"url\":\"http:\/\/localhost\/wordpress\/wp-content\/uploads\/2020\/10\/affiche-portes-ouvertes-731x1024.png\",\"contentUrl\":\"http:\/\/localhost\/wordpress\/wp-content\/uploads\/2020\/10\/affiche-portes-ouvertes-731x1024.png\"},{\"@type\":\"BreadcrumbList\",\"@id\":\"https:\/\/www.bts-ndrc-perrier.fr\/?page_id=60#breadcrumb\",\"itemListElement\":[{\"@type\":\"ListItem\",\"position\":1,\"name\":\"Accueil\",\"item\":\"https:\/\/www.bts-ndrc-perrier.fr\/\"},{\"@type\":\"ListItem\",\"position\":2,\"name\":\"Nous rencontrer\"}]},{\"@type\":\"WebSite\",\"@id\":\"https:\/\/www.bts-ndrc-perrier.fr\/#website\",\"url\":\"https:\/\/www.bts-ndrc-perrier.fr\/\",\"name\":\"BTS NDRC Edmond Perrier Tulle\",\"description\":\"N\u00e9gociation et Digitalisation de la Relation Client\",\"publisher\":{\"@id\":\"https:\/\/www.bts-ndrc-perrier.fr\/#organization\"},\"potentialAction\":[{\"@type\":\"SearchAction\",\"target\":{\"@type\":\"EntryPoint\",\"urlTemplate\":\"https:\/\/www.bts-ndrc-perrier.fr\/?s={search_term_string}\"},\"query-input\":{\"@type\":\"PropertyValueSpecification\",\"valueRequired\":true,\"valueName\":\"search_term_string\"}}],\"inLanguage\":\"fr-FR\"},{\"@type\":\"Organization\",\"@id\":\"https:\/\/www.bts-ndrc-perrier.fr\/#organization\",\"name\":\"BTS NDRC Edmond Perrier Tulle\",\"url\":\"https:\/\/www.bts-ndrc-perrier.fr\/\",\"logo\":{\"@type\":\"ImageObject\",\"inLanguage\":\"fr-FR\",\"@id\":\"https:\/\/www.bts-ndrc-perrier.fr\/#\/schema\/logo\/image\/\",\"url\":\"https:\/\/www.bts-ndrc-perrier.fr\/wp-content\/uploads\/2024\/12\/cropped-Nouvelle-aquitaine-et-acad-limoges.png\",\"contentUrl\":\"https:\/\/www.bts-ndrc-perrier.fr\/wp-content\/uploads\/2024\/12\/cropped-Nouvelle-aquitaine-et-acad-limoges.png\",\"width\":466,\"height\":250,\"caption\":\"BTS NDRC  Edmond Perrier Tulle\"},\"image\":{\"@id\":\"https:\/\/www.bts-ndrc-perrier.fr\/#\/schema\/logo\/image\/\"}}]}<\/script>\n<!-- \/ Yoast SEO plugin. -->","yoast_head_json":{"title":"Nous rencontrer - BTS NDRC Edmond Perrier Tulle","robots":{"index":"noindex","follow":"follow","max-snippet":"max-snippet:-1","max-image-preview":"max-image-preview:large","max-video-preview":"max-video-preview:-1"},"og_locale":"fr_FR","og_type":"article","og_title":"Nous rencontrer - BTS NDRC Edmond Perrier Tulle","og_description":"Vous souhaitez rencontrer l&rsquo;\u00e9quipe ? Avoir un \u00e9change avec les professeurs, ou encore mieux, avec des \u00e9tudiants du BTS NDRC ? Vous avez plusieurs possibilit\u00e9s : Journ\u00e9es portes-ouvertes L&rsquo;\u00e9quipe enseignante et les \u00e9tudiants du BTS NDRC vous accueillent avec plaisir samedi 27 f\u00e9vrier 2021 au lyc\u00e9e Edmond PERRIER ! L&rsquo;occasion de vous faire conna\u00eetre, et [&hellip;]","og_url":"https:\/\/www.bts-ndrc-perrier.fr\/?page_id=60","og_site_name":"BTS NDRC Edmond Perrier Tulle","article_modified_time":"2020-11-21T11:53:52+00:00","og_image":[{"url":"http:\/\/localhost\/wordpress\/wp-content\/uploads\/2020\/10\/affiche-portes-ouvertes-731x1024.png"}],"twitter_card":"summary_large_image","twitter_misc":{"Dur\u00e9e de lecture estim\u00e9e":"1 minute"},"schema":{"@context":"https:\/\/schema.org","@graph":[{"@type":"WebPage","@id":"https:\/\/www.bts-ndrc-perrier.fr\/?page_id=60","url":"https:\/\/www.bts-ndrc-perrier.fr\/?page_id=60","name":"Nous rencontrer - BTS NDRC Edmond Perrier Tulle","isPartOf":{"@id":"https:\/\/www.bts-ndrc-perrier.fr\/#website"},"primaryImageOfPage":{"@id":"https:\/\/www.bts-ndrc-perrier.fr\/?page_id=60#primaryimage"},"image":{"@id":"https:\/\/www.bts-ndrc-perrier.fr\/?page_id=60#primaryimage"},"thumbnailUrl":"http:\/\/localhost\/wordpress\/wp-content\/uploads\/2020\/10\/affiche-portes-ouvertes-731x1024.png","datePublished":"2020-10-17T13:59:26+00:00","dateModified":"2020-11-21T11:53:52+00:00","breadcrumb":{"@id":"https:\/\/www.bts-ndrc-perrier.fr\/?page_id=60#breadcrumb"},"inLanguage":"fr-FR","potentialAction":[{"@type":"ReadAction","target":["https:\/\/www.bts-ndrc-perrier.fr\/?page_id=60"]}]},{"@type":"ImageObject","inLanguage":"fr-FR","@id":"https:\/\/www.bts-ndrc-perrier.fr\/?page_id=60#primaryimage","url":"http:\/\/localhost\/wordpress\/wp-content\/uploads\/2020\/10\/affiche-portes-ouvertes-731x1024.png","contentUrl":"http:\/\/localhost\/wordpress\/wp-content\/uploads\/2020\/10\/affiche-portes-ouvertes-731x1024.png"},{"@type":"BreadcrumbList","@id":"https:\/\/www.bts-ndrc-perrier.fr\/?page_id=60#breadcrumb","itemListElement":[{"@type":"ListItem","position":1,"name":"Accueil","item":"https:\/\/www.bts-ndrc-perrier.fr\/"},{"@type":"ListItem","position":2,"name":"Nous rencontrer"}]},{"@type":"WebSite","@id":"https:\/\/www.bts-ndrc-perrier.fr\/#website","url":"https:\/\/www.bts-ndrc-perrier.fr\/","name":"BTS NDRC Edmond Perrier Tulle","description":"N\u00e9gociation et Digitalisation de la Relation Client","publisher":{"@id":"https:\/\/www.bts-ndrc-perrier.fr\/#organization"},"potentialAction":[{"@type":"SearchAction","target":{"@type":"EntryPoint","urlTemplate":"https:\/\/www.bts-ndrc-perrier.fr\/?s={search_term_string}"},"query-input":{"@type":"PropertyValueSpecification","valueRequired":true,"valueName":"search_term_string"}}],"inLanguage":"fr-FR"},{"@type":"Organization","@id":"https:\/\/www.bts-ndrc-perrier.fr\/#organization","name":"BTS NDRC Edmond Perrier Tulle","url":"https:\/\/www.bts-ndrc-perrier.fr\/","logo":{"@type":"ImageObject","inLanguage":"fr-FR","@id":"https:\/\/www.bts-ndrc-perrier.fr\/#\/schema\/logo\/image\/","url":"https:\/\/www.bts-ndrc-perrier.fr\/wp-content\/uploads\/2024\/12\/cropped-Nouvelle-aquitaine-et-acad-limoges.png","contentUrl":"https:\/\/www.bts-ndrc-perrier.fr\/wp-content\/uploads\/2024\/12\/cropped-Nouvelle-aquitaine-et-acad-limoges.png","width":466,"height":250,"caption":"BTS NDRC  Edmond Perrier Tulle"},"image":{"@id":"https:\/\/www.bts-ndrc-perrier.fr\/#\/schema\/logo\/image\/"}}]}},"uagb_featured_image_src":{"full":false,"thumbnail":false,"medium":false,"medium_large":false,"large":false,"1536x1536":false,"2048x2048":false,"kubio-fullhd":false},"uagb_author_info":{"display_name":"admin","author_link":"https:\/\/www.bts-ndrc-perrier.fr\/?author=1"},"uagb_comment_info":0,"uagb_excerpt":"Vous souhaitez rencontrer l&rsquo;\u00e9quipe ? Avoir un \u00e9change avec les professeurs, ou encore mieux, avec des \u00e9tudiants du BTS NDRC ? Vous avez plusieurs possibilit\u00e9s : Journ\u00e9es portes-ouvertes L&rsquo;\u00e9quipe enseignante et les \u00e9tudiants du BTS NDRC vous accueillent avec plaisir samedi 27 f\u00e9vrier 2021 au lyc\u00e9e Edmond PERRIER ! L&rsquo;occasion de vous faire conna\u00eetre, et\u2026","_links":{"self":[{"href":"https:\/\/www.bts-ndrc-perrier.fr\/index.php?rest_route=\/wp\/v2\/pages\/60","targetHints":{"allow":["GET"]}}],"collection":[{"href":"https:\/\/www.bts-ndrc-perrier.fr\/index.php?rest_route=\/wp\/v2\/pages"}],"about":[{"href":"https:\/\/www.bts-ndrc-perrier.fr\/index.php?rest_route=\/wp\/v2\/types\/page"}],"author":[{"embeddable":true,"href":"https:\/\/www.bts-ndrc-perrier.fr\/index.php?rest_route=\/wp\/v2\/users\/1"}],"replies":[{"embeddable":true,"href":"https:\/\/www.bts-ndrc-perrier.fr\/index.php?rest_route=%2Fwp%2Fv2%2Fcomments&post=60"}],"version-history":[{"count":8,"href":"https:\/\/www.bts-ndrc-perrier.fr\/index.php?rest_route=\/wp\/v2\/pages\/60\/revisions"}],"predecessor-version":[{"id":333,"href":"https:\/\/www.bts-ndrc-perrier.fr\/index.php?rest_route=\/wp\/v2\/pages\/60\/revisions\/333"}],"wp:attachment":[{"href":"https:\/\/www.bts-ndrc-perrier.fr\/index.php?rest_route=%2Fwp%2Fv2%2Fmedia&parent=60"}],"curies":[{"name":"wp","href":"https:\/\/api.w.org\/{rel}","templated":true}]}}